{"id":7190,"date":"2020-01-20T09:38:29","date_gmt":"2020-01-20T09:38:29","guid":{"rendered":"https:\/\/navystudio.ee\/?page_id=7190"},"modified":"2021-09-06T14:00:40","modified_gmt":"2021-09-06T14:00:40","slug":"tarne","status":"publish","type":"page","link":"https:\/\/navystudio.ee\/ru\/tarne\/","title":{"rendered":"Tarne"},"content":{"rendered":"<h1>Tarne<\/h1>\n<p><strong>EESTI<\/strong><\/p>\n<p><strong>Itella SmartPOST pakiautomaat.<\/strong><strong> Hind 2.99\u20ac.\u00a0\u00a0<\/strong><br \/>\nPostitame pakke igal t\u00f6\u00f6p\u00e4eval. Kui sooritada ost t\u00f6\u00f6p\u00e4eviti enne kella 14:00 on eeldatav k\u00e4ttesaamise aeg juba j\u00e4rgmisel p\u00e4eval. Toote kohalej\u00f5udmisest pakiautomaati teavitatakse Teid SMS-iga, mis sisaldab uksekoodi, pakiautomaadi asukohta, tagastuskoodi ning hoiut\u00e4htaja l\u00f5ppu.<br \/>\n<a href=\"https:\/\/uus.smartpost.ee\/pakiautomaatide-asukohad\" target=\"_blank\" rel=\"noopener\">SmartPOSTI automaatide asukohad ja lahtioleku kellaajad<\/a><\/p>\n<p><strong>Omniva pakiautomaat. Avatud 24\/7. Hind 2.99\u20ac.<\/strong><br \/>\nPostitame pakke igal t\u00f6\u00f6p\u00e4eval. Kui sooritada ost t\u00f6\u00f6p\u00e4eviti enne kella 14:00 on eeldatav k\u00e4ttesaamise aeg juba j\u00e4rgmisel p\u00e4eval.\u00a0Toote kohalej\u00f5udmisest pakiautomaati teavitatakse Teid SMS-iga, mis sisaldab uksekoodi, pakiautomaadi asukohta, tagastuskoodi ning hoiut\u00e4htaja l\u00f5ppu. Automaadid on avatud 24 tundi.<\/p>\n<p><a href=\"https:\/\/www.omniva.ee\/abi\/kaart\" target=\"_blank\" rel=\"noopener\">Omniva automaatide asukohad<\/a><\/p>\n<p><strong>DPD pakiautomaat. Hind 2.99\u20ac.<\/strong><br \/>\nPostitame pakke igal t\u00f6\u00f6p\u00e4eval. Kui sooritada ost t\u00f6\u00f6p\u00e4eviti enne kella 14:00 on eeldatav k\u00e4ttesaamise aeg juba j\u00e4rgmisel p\u00e4eval. Kui pakk j\u00f5uab pakipoodi\/pakiautomaati, saadetakse tellimuses m\u00e4rgitud mobiiltelefoni numbrile SMS paki saabumise kohta koos PIN-koodiga. Automaadid on avatud 24 tundi.<\/p>\n<p><a href=\"https:\/\/www.dpd.com\/ee\/avaleht\/pickup_pakiautomaadid_ja_pakipoed\/pickup_punktide_asukohad\" target=\"_blank\" rel=\"noopener\">DPD automaatide asukohad<\/a><\/p>\n<p><strong>SmartKULLER. Kullerteenus. Hind 5.50\u20ac.<\/strong><br \/>\nKlient saab valida paki k\u00e4ttesaamiseks sobiva ajavahemiku E-R (9.00-17.00 v\u00f5i 17.00-21.00) ja tellida kauba t\u00f6\u00f6le v\u00f5i koju. Kliendile saadetakse paki k\u00e4ttetoimetamise p\u00e4eva hommikul paki saabumise t\u00e4pne kellaaeg SMS-teatega. Kuller helistab kliendile 15 minutit enne kohale j\u00f5udmist. Vastavalt kliendi soovile on v\u00f5imalus pakk suunata ilma lisatasuta \u00fcmber ka sobivasse pakiautomaati.<\/p>\n<p>*V\u00f5imalik maksimaalne tarneaeg 45 p\u00e4eva (nt. kui toodet on vaja juurde tellida, tarne viivitus).<\/p>\n<p><strong>SOOME<\/strong><\/p>\n<p><strong>Itella SmartPOST pakiautomaat \u2013 hind 13.50\u20ac.<\/strong><br \/>\nTooted j\u00f5uavad Teie valitud pakiautomaati 2-3\u00a0 t\u00f6\u00f6p\u00e4eva jooksul alates tellimuse kinnituse saamisest. Ost, mis on sooritatud t\u00f6\u00f6p\u00e4eval enne kella 14:00, saadetakse v\u00e4lja juba samal p\u00e4eval. Helsingi pakiautomaatidesse j\u00f5uavad need 2-3 t\u00f6\u00f6p\u00e4evaga, mujale Soome automaatidesse 3-5 t\u00f6\u00f6p\u00e4evaga.<br \/>\n<a href=\"https:\/\/uus.smartpost.ee\/paki-saatmine-euroopasse\/paki-saatmine-soome\/\" target=\"_blank\" rel=\"noopener\">Automaatide asukohad Soomes<\/a><\/p>\n<p><strong>Omniva \u00a0Matkahuolto v\u00e4ljastuspunkt \u2013 hind 15.00\u20ac<\/strong><br \/>\nTooted j\u00f5uavad Teieni 2-4 t\u00f6\u00f6p\u00e4eva jooksul alates tellimuse kinnituse saamisest.<\/p>\n<p><a href=\"http:\/\/map.matkahuolto.fi\/map24mh\/tphakuep\" target=\"_blank\" rel=\"noopener\">V\u00e4ljastuspunkti otsing<\/a><\/p>\n<p><strong>DPD pakiautomaat \u2013 hind 15.00\u20ac<\/strong><br \/>\nTooted j\u00f5uavad Teie valitud pakiautomaati 1-3 t\u00f6\u00f6p\u00e4eva jooksul alates tellimuse kinnituse saamisest. Kui pakk j\u00f5uab pakipoodi\/pakiautomaati, saadetakse tellimuses m\u00e4rgitud mobiiltelefoni numbrile SMS paki saabumise kohta koos PIN-koodiga.<\/p>\n<p>*V\u00f5imalik maksimaalne tarneaeg Soome 45 p\u00e4eva (nt. kui toodet on vaja juurde tellida, tarne viivitus).<\/p>\n<p><strong>L\u00c4TI JA LEEDU<\/strong><\/p>\n<p><strong>Itella SmartPOST pakiautomaat \u2013 hind 7.80\u20ac<\/strong><br \/>\nTooted j\u00f5uavad Teie valitud pakiautomaati 1-3 t\u00f6\u00f6p\u00e4eva jooksul alates tellimuse kinnituse saamisest.<br \/>\nToote kohalej\u00f5udmisest pakiautomaati teavitatakse Teid SMS-iga, mis sisaldab uksekoodi, pakiautomaadi asukohta, tagastuskoodi ning hoiut\u00e4htaja l\u00f5ppu.<\/p>\n<p><strong>Omniva pakiautomaat \u2013 hind 7.80\u20ac<\/strong><br \/>\nTooted j\u00f5uavad Teie valitud pakiautomaati 1-3 t\u00f6\u00f6p\u00e4eva jooksul alates tellimuse kinnituse saamisest.<br \/>\nToote kohalej\u00f5udmisest pakiautomaati teavitatakse Teid SMS-iga, mis sisaldab uksekoodi, pakiautomaadi asukohta, tagastuskoodi ning hoiut\u00e4htaja l\u00f5ppu.<\/p>\n<p><strong>DPD pakiautomaat \u2013 hind 6.00\u20ac<\/strong><br \/>\nTooted j\u00f5uavad Teie valitud pakiautomaati 1-2 t\u00f6\u00f6p\u00e4eva jooksul alates tellimuse kinnituse saamisest.<br \/>\nKui pakk j\u00f5uab pakipoodi\/pakiautomaati, saadetakse tellimuses m\u00e4rgitud mobiiltelefoni numbrile SMS paki saabumise kohta koos PIN-koodiga.<\/p>\n<p>Automaadid avatud 24 tundi.<\/p>\n<p>*V\u00f5imalik maksimaalne tarneaeg 45 p\u00e4eva L\u00e4tti ja Leetu (nt. kui toodet on vaja juurde tellida, tarne viivitus).<\/p>\n","protected":false},"excerpt":{"rendered":"<p>Tarne EESTI Itella SmartPOST pakiautomaat. Hind 2.99\u20ac.\u00a0\u00a0 Postitame pakke igal t\u00f6\u00f6p\u00e4eval. Kui sooritada ost t\u00f6\u00f6p\u00e4eviti enne kella 14:00 on eeldatav k\u00e4ttesaamise aeg juba j\u00e4rgmisel p\u00e4eval. Toote kohalej\u00f5udmisest pakiautomaati teavitatakse Teid SMS-iga, mis sisaldab uksekoodi, pakiautomaadi asukohta, tagastuskoodi ning hoiut\u00e4htaja l\u00f5ppu. SmartPOSTI automaatide asukohad ja lahtioleku kellaajad Omniva pakiautomaat. Avatud 24\/7. Hind 2.99\u20ac. Postitame pakke igal [&hellip;]<\/p>\n","protected":false},"author":6,"featured_media":0,"parent":0,"menu_order":0,"comment_status":"closed","ping_status":"closed","template":"","meta":{"footnotes":""},"rankMath":{"parentDomain":"navystudio.ee","noFollowDomains":[],"noFollowExcludeDomains":[],"noFollowExternalLinks":false,"featuredImageNotice":"\u041f\u043e\u043a\u0430\u0437\u0430\u043d\u043d\u043e\u0435 \u0438\u0437\u043e\u0431\u0440\u0430\u0436\u0435\u043d\u0438\u0435 \u0434\u043e\u043b\u0436\u043d\u043e \u0431\u044b\u0442\u044c \u0440\u0430\u0437\u043c\u0435\u0440\u043e\u043c \u043d\u0435 \u043c\u0435\u043d\u0435\u0435 200 \u043d\u0430 200 \u043f\u0438\u043a\u0441\u0435\u043b\u0435\u0439, \u0447\u0442\u043e\u0431\u044b \u0435\u0433\u043e \u043c\u043e\u0433\u043b\u0438 \u0443\u0432\u0438\u0434\u0435\u0442\u044c Facebook \u0438 \u0434\u0440\u0443\u0433\u0438\u0435 \u0441\u0430\u0439\u0442\u044b \u0441\u043e\u0446\u0438\u0430\u043b\u044c\u043d\u044b\u0445 \u0441\u0435\u0442\u0435\u0439.","pluginReviewed":false,"postSettings":{"linkSuggestions":true,"useFocusKeyword":false},"frontEndScore":false,"postName":"tarne","permalinkFormat":"https:\/\/navystudio.ee\/ru\/%pagename%\/","showLockModifiedDate":true,"assessor":{"focusKeywordLink":"https:\/\/navystudio.ee\/wp-admin\/edit.php?focus_keyword=%focus_keyword%&post_type=%post_type%","hasTOCPlugin":false,"primaryTaxonomy":false,"serpData":{"title":"","description":"","focusKeywords":"Tarne","pillarContent":false,"canonicalUrl":"","breadcrumbTitle":"","advancedRobots":{"max-snippet":"-1","max-video-preview":"-1","max-image-preview":"large"},"facebookTitle":"","facebookDescription":"","facebookImage":"","facebookImageID":"","facebookHasOverlay":false,"facebookImageOverlay":"","facebookAuthor":"","twitterCardType":"","twitterUseFacebook":true,"twitterTitle":"","twitterDescription":"","twitterImage":"","twitterImageID":"","twitterHasOverlay":false,"twitterImageOverlay":"","twitterPlayerUrl":"","twitterPlayerSize":"","twitterPlayerStream":"","twitterPlayerStreamCtype":"","twitterAppDescription":"","twitterAppIphoneName":"","twitterAppIphoneID":"","twitterAppIphoneUrl":"","twitterAppIpadName":"","twitterAppIpadID":"","twitterAppIpadUrl":"","twitterAppGoogleplayName":"","twitterAppGoogleplayID":"","twitterAppGoogleplayUrl":"","twitterAppCountry":"","robots":{"index":true},"twitterAuthor":"\u0438\u043c\u044f \u043f\u043e\u043b\u044c\u0437\u043e\u0432\u0430\u0442\u0435\u043b\u044f","primaryTerm":0,"authorName":"Dmitri Vihman","titleTemplate":"%title% %sep% %sitename%","descriptionTemplate":"%excerpt%","showScoreFrontend":true,"lockModifiedDate":false},"powerWords":[],"diacritics":{"A":"[\\u0410\\u0430]","B":"[\\u0411\\u0431]","V":"[\\u0412\\u0432]","G":"[\\u0413\\u0433]","D":"[\\u0414\\u0434]","YE":"[\\u0415\\u0435]","YO":"[\\u0401\\u0451]","ZH":"[\\u0416\\u0436]","Z":"[\\u0417\\u0437]","EE":"[\\u0418\\u0438]","YI":"[\\u0419\\u0439]","K":"[\\u041A\\u043A]","L":"[\\u041B\\u043B]","M":"[\\u041C\\u043c]","P":"[\\u041F\\u043F]","T":"[\\u0422\\u0442]","U":"[\\u0423\\u0443]","F":"[\\u0424\\u0444]","H":"[\\u0425\\u0445]","TS":"[\\u0426\\u0446]","CH":"[\\u0427\\u0447]","SH":"[\\u0428\\u0448\\u0429\\u0449]","I":"[\\u042B\\u044B]","E":"[\\u042D\\u044D]","YU":"[\\u042E\\u044E]","YA":"[\\u042F\\u044F]","N":"[\\u041D\\u043D]"},"researchesTests":["contentHasTOC","contentHasShortParagraphs","contentHasAssets","keywordInTitle","keywordInMetaDescription","keywordInPermalink","keywordIn10Percent","keywordInContent","keywordInSubheadings","keywordInImageAlt","keywordDensity","keywordNotUsed","lengthContent","lengthPermalink","linksHasInternal","linksHasExternals","linksNotAllExternals","titleStartWithKeyword","titleSentiment","titleHasPowerWords","titleHasNumber","hasContentAI"],"hasRedirection":true,"hasBreadcrumb":true},"homeUrl":"https:\/\/navystudio.ee\/ru\/","objectID":7190,"objectType":"post","locale":"ru","localeFull":"ru_RU","overlayImages":{"play":{"name":"Play \u0438\u043a\u043e\u043d\u043a\u0430","url":"https:\/\/navystudio.ee\/wp-content\/plugins\/seo-by-rank-math\/assets\/admin\/img\/icon-play.png","path":"\/data02\/virt43938\/domeenid\/www.navystudio.ee\/htdocs\/wp-content\/plugins\/seo-by-rank-math\/assets\/admin\/img\/icon-play.png","position":"middle_center"},"gif":{"name":"GIF \u0438\u043a\u043e\u043d\u043a\u0430","url":"https:\/\/navystudio.ee\/wp-content\/plugins\/seo-by-rank-math\/assets\/admin\/img\/icon-gif.png","path":"\/data02\/virt43938\/domeenid\/www.navystudio.ee\/htdocs\/wp-content\/plugins\/seo-by-rank-math\/assets\/admin\/img\/icon-gif.png","position":"middle_center"}},"defautOgImage":"https:\/\/navystudio.ee\/wp-content\/plugins\/seo-by-rank-math\/assets\/admin\/img\/social-placeholder.jpg","customPermalinks":true,"isUserRegistered":true,"autoSuggestKeywords":true,"connectSiteUrl":"https:\/\/rankmath.com\/auth?site=https%3A%2F%2Fnavystudio.ee%2Fru%2F&r=https%3A%2F%2Fnavystudio.ee%2Fru%2Fwp-json%2Fwp%2Fv2%2Fpages%2F7190%3Fnonce%3D37de0ad011","maxTags":5,"trendsIcon":"<svg viewBox=\"0 0 610 610\"><path d=\"M18.85,446,174.32,290.48l58.08,58.08L76.93,504a14.54,14.54,0,0,1-20.55,0L18.83,466.48a14.54,14.54,0,0,1,0-20.55Z\" style=\"fill:#4285f4\"\/><path d=\"M242.65,242.66,377.59,377.6l-47.75,47.75a14.54,14.54,0,0,1-20.55,0L174.37,290.43l47.75-47.75A14.52,14.52,0,0,1,242.65,242.66Z\" style=\"fill:#ea4335\"\/><polygon points=\"319.53 319.53 479.26 159.8 537.34 217.88 377.61 377.62 319.53 319.53\" style=\"fill:#fabb05\"\/><path d=\"M594.26,262.73V118.61h0a16.94,16.94,0,0,0-16.94-16.94H433.2a16.94,16.94,0,0,0-12,28.92L565.34,274.71h0a16.94,16.94,0,0,0,28.92-12Z\" style=\"fill:#34a853\"\/><rect width=\"610\" height=\"610\" style=\"fill:none\"\/><\/svg>","showScore":true,"siteFavIcon":"https:\/\/navystudio.ee\/wp-content\/uploads\/2019\/02\/Navy_logo1-36x36.png","canUser":{"general":false,"advanced":false,"snippet":false,"social":false,"analysis":false,"analytics":false,"content_ai":false},"isPro":false,"is_front_page":false,"trendsUpgradeLink":"https:\/\/rankmath.com\/pricing\/?utm_source=Plugin&utm_medium=CE%20General%20Tab%20Trends&utm_campaign=WP","trendsUpgradeLabel":"\u0410\u043f\u0433\u0440\u0435\u0439\u0434","trendsPreviewImage":"https:\/\/navystudio.ee\/wp-content\/plugins\/seo-by-rank-math\/assets\/admin\/img\/trends-preview.jpg","currentEditor":false,"homepageData":{"assessor":{"powerWords":[],"diacritics":true,"researchesTests":["contentHasTOC","contentHasShortParagraphs","contentHasAssets","keywordInTitle","keywordInMetaDescription","keywordInPermalink","keywordIn10Percent","keywordInContent","keywordInSubheadings","keywordInImageAlt","keywordDensity","keywordNotUsed","lengthContent","lengthPermalink","linksHasInternal","linksHasExternals","linksNotAllExternals","titleStartWithKeyword","titleSentiment","titleHasPowerWords","titleHasNumber","hasContentAI"],"hasBreadcrumb":true,"serpData":{"title":"%title% %sep% %sitename%","description":"","titleTemplate":"%sitename% %page% %sep% %sitedesc%","descriptionTemplate":"","focusKeywords":"","breadcrumbTitle":"Home","robots":{"noindex":true},"advancedRobots":{"max-snippet":"-1","max-video-preview":"-1","max-image-preview":"large"},"facebookTitle":"Navy studio","facebookDescription":"beauty studio in Tallinn","facebookImage":"","facebookImageID":""}}},"tocTitle":"Table of Contents","tocExcludeHeadings":[],"listStyle":"ul"},"_links":{"self":[{"href":"https:\/\/navystudio.ee\/ru\/wp-json\/wp\/v2\/pages\/7190"}],"collection":[{"href":"https:\/\/navystudio.ee\/ru\/wp-json\/wp\/v2\/pages"}],"about":[{"href":"https:\/\/navystudio.ee\/ru\/wp-json\/wp\/v2\/types\/page"}],"author":[{"embeddable":true,"href":"https:\/\/navystudio.ee\/ru\/wp-json\/wp\/v2\/users\/6"}],"replies":[{"embeddable":true,"href":"https:\/\/navystudio.ee\/ru\/wp-json\/wp\/v2\/comments?post=7190"}],"version-history":[{"count":5,"href":"https:\/\/navystudio.ee\/ru\/wp-json\/wp\/v2\/pages\/7190\/revisions"}],"predecessor-version":[{"id":12877,"href":"https:\/\/navystudio.ee\/ru\/wp-json\/wp\/v2\/pages\/7190\/revisions\/12877"}],"wp:attachment":[{"href":"https:\/\/navystudio.ee\/ru\/wp-json\/wp\/v2\/media?parent=7190"}],"curies":[{"name":"wp","href":"https:\/\/api.w.org\/{rel}","templated":true}]}}