{"id":7185,"date":"2020-01-20T09:26:50","date_gmt":"2020-01-20T09:26:50","guid":{"rendered":"https:\/\/navystudio.ee\/?page_id=7185"},"modified":"2023-06-16T14:07:34","modified_gmt":"2023-06-16T11:07:34","slug":"muugitingimused","status":"publish","type":"page","link":"https:\/\/navystudio.ee\/ru\/muugitingimused\/","title":{"rendered":"M\u00fc\u00fcgitingimused"},"content":{"rendered":"<h1 class=\"page-title\">M\u00fc\u00fcgitingimused<\/h1>\n<h3>M\u00fc\u00fcgitingimuste kehtivus<\/h3>\n<ol>\n<li>M\u00fc\u00fcgitingimused kehtivad navystudio.ee veebipoest ostja (edaspidi Tarbija) ja ettev\u00f5tja Sergio Hair Extention O\u00dc (edaspidi navystudio.ee) vahel kaupade ja teenuste ostmisel.<\/li>\n<li>Lisaks k\u00e4esolevatele tingimustele reguleerivad navystudio.ee veebipoest toodete ostmisel tekkivaid \u00f5igussuhteid Eesti Vabariigis kehtivad v\u00f5la\u00f5igusseadus (edaspidi V\u00d5S), tarbijakaitseseadus (edaspidi TKS) ja teised \u00f5igusaktid.<\/li>\n<li>navystudio.ee j\u00e4tab endale \u00f5iguse teha m\u00fc\u00fcgitingimustes muudatusi. Nimetatud muudatusi kajastatakse navystudio.ee veebilehel.<\/li>\n<\/ol>\n<h3>Hinnainfo<\/h3>\n<ol>\n<li>K\u00f5ik navystudio.ee veebipoes toodud hinnad sisaldavad k\u00e4ibemaksu 20%.<\/li>\n<li>Hinnad kehtivad tellimuse vormistamisest kuni vormistatud tellimuse makset\u00e4htaja aegumiseni (48 tundi p\u00e4rast tellimuse vormistamist).<\/li>\n<li>Kui tellimus on esitatud enne m\u00fc\u00fcgitingimuste v\u00f5i hindade muutmist, kohaldatakse Tarbija ja navystudio.ee vahel tekkinud \u00f5igussuhetele tellimuse vormistamise ajal kehtinud tingimusi.<\/li>\n<li>Navystudio.ee j\u00e4tab endale \u00f5iguse teha m\u00fc\u00fcgihindades muudatusi. Nimetatud muudatusi kajastatakse navystudio.ee\u00a0 veebilehel.<\/li>\n<\/ol>\n<h3>Tellimuse vormistamine<\/h3>\n<ol>\n<li>Lisage soovitud tooted ostukorvi.<\/li>\n<li>Tellimuse vormistamiseks vajutage ostukorvis lingile \u201eVormista ost\u02ee.<\/li>\n<li>Tellimuse vormistamise lehel t\u00e4itke n\u00f5utud andmev\u00e4ljad, valige teile sobiv toodete kohaletoimetamise viis, makseviis ja vajutage lingile \u201eKinnitan tellimuse\u02ee. Seej\u00e4rel suunatakse teid panka arvet tasuma. Panga\u00fclekande makseviisiga tasumisel kuvatakse ekraanile arve, mille saate tasuda teile sobivas pangas euromaksena. Andmed euromakse sooritamiseks koos k\u00f5igi kehtivate riiklike maksudega ja lisanduvate tasudega leiate p\u00e4rast tellimuse kinnitamist ekraanile kuvatud arvelt.<\/li>\n<li>T\u00e4itke andmete ja tellimuse kinnituse lehek\u00fcljel olevad lahtrid t\u00e4helepanelikult, sest esitatud informatsiooni t\u00e4psusest ja \u00f5igsusest s\u00f5ltub Teie ostetud toodete t\u00f5rgeteta kohaletoimetamine ning hilisem vaidluste ja pretensioonide lahendamine.<\/li>\n<li>Navystudio.ee veebipoes sooritatud tellimusi k\u00e4sitletakse t\u00f6\u00f6p\u00e4evadel E\u2212R 9:00\u221217:00.<\/li>\n<li>Kliendid saavad kasutada pangalinki j\u00e4rgmistes pankades:<br \/>\n<b>-Eesti:<\/b>\u00a0<a href=\"https:\/\/maksekeskus.ee\/swedbank-pangalink\" target=\"_blank\" rel=\"noopener\">Swedbank<\/a>,\u00a0<a href=\"https:\/\/maksekeskus.ee\/seb-pangalink\/\" target=\"_blank\" rel=\"noopener\">SEB<\/a>,\u00a0<a href=\"https:\/\/maksekeskus.ee\/luminor-pangalink\/\" target=\"_blank\" rel=\"noopener\">Luminor<\/a>, LHV, Coop Pank, Pocopay<br \/>\n<b>-L\u00e4ti:<\/b>\u00a0<a href=\"https:\/\/maksekeskus.ee\/swedbank-pangalink\" target=\"_blank\" rel=\"noopener\">Swedbank<\/a>,\u00a0<a href=\"https:\/\/maksekeskus.ee\/seb-pangalink\/\" target=\"_blank\" rel=\"noopener\">SEB<\/a>, Citadele ja\u00a0<a href=\"https:\/\/maksekeskus.ee\/luminor-pangalink\/\" target=\"_blank\" rel=\"noopener\">Luminor<\/a><br \/>\n<b>-Leedu:<\/b>\u00a0<a href=\"https:\/\/maksekeskus.ee\/swedbank-pangalink\" target=\"_blank\" rel=\"noopener\">Swedbank<\/a>,\u00a0<a href=\"https:\/\/maksekeskus.ee\/seb-pangalink\/\" target=\"_blank\" rel=\"noopener\">SEB<\/a>\u00a0ja\u00a0<a href=\"https:\/\/maksekeskus.ee\/luminor-pangalink\/\" target=\"_blank\" rel=\"noopener\">Luminor<\/a><br \/>\n<b>-Soome:<\/b>\u00a0Aktia, \u00c5landsbanken, Danske, Handelsbanken, Nordea, Oma S\u00e4\u00e4stopankki, Pohjola, POP Pankki, S-Pankki, S\u00e4\u00e4stopankki<\/li>\n<\/ol>\n<h3>M\u00fc\u00fcgilepingu j\u00f5ustumine<\/h3>\n<ol>\n<li>Kauba m\u00fc\u00fcgilepinguga kohustub navystudio.ee\u00a0 andma Tarbijale \u00fcle kauba ning tegema v\u00f5imalikuks omandi \u00fclemineku Tarbijale. Tarbija aga kohustub navystudio.ee\u2019le tasuma Kauba eest esitatud arvel n\u00e4idatud summa ja v\u00f5tma Kauba vastu.<\/li>\n<li>Tellimused, mille eest ei ole tasutud, annulleeritakse 48 tunni m\u00f6\u00f6dudes alates tellimuse vormistamisest.<\/li>\n<li>M\u00fc\u00fcgileping j\u00f5ustub p\u00e4rast Tarbija tehtud makse laekumist navystudio.ee pangakontole.<\/li>\n<\/ol>\n<h3>Kohaletoimetamine<\/h3>\n<ol>\n<li>P\u00e4rast m\u00fc\u00fcgilepingu j\u00f5ustumist komplekteerib navystudio.ee tellimuse ning annab selle kohaletoimetamiseks \u00fcle ettev\u00f5tte logistikapartneritele.<\/li>\n<li>E-poe veebilehel n\u00e4idatud kohaletoimetamise t\u00e4htajad kehtivad tellimuse summa laekumise hetkest navystudio.ee pangakontole.<\/li>\n<li>Viivitusteta kohaletoimetamiseks tuleb tellimuse vormistamisel esitada kohaletoimetamise andmete sisestamisel t\u00f5ele vastavad ning kehtivad andmed.<\/li>\n<li>Navystudio.ee ei vastuta kauba kohaletoimetamise viibimise eest juhul, kui kaup on logistikapartneritele \u00fcle antud \u00f5igel ajal, kuid kohaletoimetamise viibimine on tingitud asjaoludest, mida navystudio.ee ei saanud m\u00f5jutada ega ette n\u00e4ha.<\/li>\n<li>Maksimaalne aeg, mis v\u00f5ib kuluda tarnele Eestis on 5 t\u00f6\u00f6p\u00e4eva. L\u00e4tis, Leedus ja Soomes 6 t\u00f6\u00f6p\u00e4eva.<\/li>\n<li>Toodetele lisandub tarnehind olenevalt valitud tarnemeetodist.<\/li>\n<li>Tarnet teostavad Omniva, Itella ja DPD.<\/li>\n<\/ol>\n<h3>Tagastamis\u00f5igus<\/h3>\n<ol>\n<li>Tarbija tagastus\u00f5igus on s\u00e4testatud \u00f5igusaktidega.<\/li>\n<li>P\u00e4rast tellimuse k\u00e4ttesaamist on Tarbijal \u00f5igus e-poes s\u00f5lmitud lepingust taganeda p\u00f5hjust avaldamata 14 p\u00e4eva jooksul. Vastavalt V\u00d5S \u00a7 53 lg 4 ei ole Tarbijal taganemise \u00f5igust kaubale, mida ei saa selle olemuse t\u00f5ttu tagastada. Muu hulgas ei kuulu tagastamisele avatud pakendiga kosmeetikatooted ja parf\u00fc\u00fcmid.<\/li>\n<li>Tagastamisele kuuluva eseme seisukorra halvenemisel vastutab Tarbija asja kasutamisest tingitud v\u00e4\u00e4rtuse v\u00e4henemise eest \u00fcksnes juhul, kui ta on eset kasutanud muul viisil, kui on vaja asja olemuses, omadustes ja toimimises veendumiseks. Et veenduda eseme olemuses, omadustes ja toimimises, peaks Tarbija k\u00e4sitsema ja kasutama asja \u00fcksnes nii, nagu tal lubataks seda tavap\u00e4raselt kaupluses teha.<\/li>\n<li>Kauba tagastamiseks tuleb Tarbijal saata vabas vormis avaldus e-posti aadressile info@navystudio.ee hiljemalt 14 p\u00e4eva jooksul alates kauba k\u00e4ttesaamisest.<\/li>\n<li>Tarbija peab kauba tagastama avalduse esitamisele j\u00e4rgneva 14 p\u00e4eva jooksul v\u00f5i esitama t\u00f5endi, et ta on eelnimetatud perioodi jooksul kauba \u00fcle andnud logistikafirmale.<\/li>\n<li>Tarbija ei pea kaupa tagastama logistikafirma vahendusel, kui navystudio.ee on n\u00f5ustunud kaubale ise j\u00e4rele tulema.<\/li>\n<li>Navystudio.ee tagastab taganemisavalduse k\u00e4ttesaamisel tarbijale viivitamata, kuid mitte hiljem kui 14 p\u00e4eva m\u00f6\u00f6dumisel, k\u00f5ik tarbijalt lepingu alusel saadud tasud, muu hulgas Tarbija kasutatud eseme k\u00e4ttetoimetamise kulud, v.a juhul, kui tarbija on s\u00f5naselgelt valinud ettev\u00f5tja pakutud k\u00f5ige odavamast eseme k\u00e4ttetoimetamise viisist erineva k\u00e4ttetoimetamise viisi, ei pea navystudio.ee Tarbijale tagastama kulu, mis \u00fcletab tavap\u00e4rase k\u00e4ttetoimetamise viisiga seotud kulu.<\/li>\n<\/ol>\n<p>V\u00e4\u00e4ramatu j\u00f5ud<\/p>\n<ol>\n<li>navystudio.ee ei vastuta Tarbijale tekitatud kahjude v\u00f5i kauba kohaletoimetamise viibimise eest juhul, kui kahju v\u00f5i kauba kohaletoimetamise viibimine on tingitud asjaoludest, mida navystudio.ee ei saanud m\u00f5jutada v\u00f5i ette n\u00e4ha.<\/li>\n<\/ol>\n<h3>Isikuandmete kaitse ja t\u00f6\u00f6tlemine<\/h3>\n<ol>\n<li>Kliendi isikuandmeid t\u00f6\u00f6deldakse koosk\u00f5las isikuandmete kaitse seadusega.<\/li>\n<li>Navystudio.ee kogub Tarbija isikuandmeid kliendikonto loomisel ja\/v\u00f5i tellimuse vormistamisel.<\/li>\n<li>T\u00f6\u00f6deldavad isikuandmed on Tarbija nimi, e-posti aadress, mobiiltelefoni number ja tarbimiseelistused.<\/li>\n<li>Navystudio.ee kasutab isikuandmeid Tarbijale teenuste osutamiseks, edasi arendamiseks ja personaliseerimiseks. Nimetatud teenuste all tuleb eelk\u00f5ige silmas pidada navystudio.ee veebisaidil Tarbijatele kaupade m\u00fc\u00fcki ja personaliseeritud pakkumiste korraldamist.<\/li>\n<li>Tarbija annab veebipoes andmeid sisestades ning vastava kinnitusega \u00f5iguse koguda ja t\u00f6\u00f6delda Tarbija isikuandmeid ning edastada logistikapartnerile vajalikke andmeid kauba kohaletoimetamiseks.<\/li>\n<li>Navystudio.ee\u2019l on \u00f5igus kasutada Tarbija elu- v\u00f5i asukoha aadressi reklaami ja muu informatsiooni edastamiseks Tarbijale.<\/li>\n<li>Tarbijal on igal ajal \u00f5igus keelata oma isikuandmete kogumine ning kasutamine, v\u00e4lja arvatud juhul, kui see on vajalik lepingust tuleneva n\u00f5ude sissen\u00f5udmiseks v\u00f5i kauba kohaletoimetamiseks.\u00a0Eelnimetatud isikuandmete kasutamise n\u00f5usolekut ei saa tagasi v\u00f5tta tagasiulatuvalt.<\/li>\n<li>Elektrooniliste isikuandmete kasutamine otsepostituseks toimub ainult siis, kui Tarbija on selle jaoks andnud n\u00f5usoleku navystudio.ee veebilehel.<\/li>\n<li>Kr\u00fcpteeritud andmeside pankadega ostude eest tasumisel tagab Tarbija personaalsete pangatunnuste turvalisuse ja neile puudub ka navystudio.ee&#8217;l ligip\u00e4\u00e4s.<\/li>\n<li>Navystudio.ee ei edasta Kliendi kohta saadud isikuandmeid kolmandatele isikutele.<\/li>\n<\/ol>\n<h3>Pretensioonide esitamise kord<\/h3>\n<ol>\n<li>Navystudio.ee vastutab Tarbijale m\u00fc\u00fcdud kauba lepingutingimustele mittevastavuse v\u00f5i puuduste eest, mis ilmnevad kuni kahe aasta jooksul, alates kauba \u00fcleandmisest Tarbijale.<\/li>\n<li>Tarbijal on \u00f5igus puuduse ilmnemisel p\u00f6\u00f6rduda hiljemalt kahe kuu jooksul navystudio.ee poole, esitades arve, mille alusel kauba ostu eest tasuti.<\/li>\n<li>Kaubal puuduse ilmnemisel palume l\u00f5petada kauba kasutamise.<\/li>\n<li>Puudusega kauba parandamise v\u00f5i asendamise lepivad navystudio.ee ja Tarbija omavahel kokku. Parandamise kulud katab navystudio.ee.<\/li>\n<li>Navystudio.ee ei vastuta Tarbija s\u00fc\u00fcl tootel tekkinud puuduste eest, mis on tekkinud toote mitten\u00f5uetekohase hoiustamise v\u00f5i mitte eesm\u00e4rgip\u00e4rase kasutamise tulemusena.<\/li>\n<li>Toote n\u00f5uetele mittevastavuse v\u00f5i puuduste ilmnemisel palume edastada e-posti aadressile info@navystudio.ee pretensiooni, kus on m\u00e4rgitud tellimuse esitaja nimi, kontakttelefon, tellimuse number ja toote tingimustele mittevastavuse v\u00f5i puuduse t\u00e4pne kirjeldus.<\/li>\n<li>Pretensioon toote n\u00f5uetele mittevastavuse v\u00f5i puuduste avastamise kohta peab olema esitatud kahe kuu jooksul alates toote n\u00f5uetele mittevastavuse v\u00f5i puuduse avastamisest.<\/li>\n<li>K\u00f5ik pretensioonid vaadatakse l\u00e4bi ja Tarbijaga v\u00f5etakse \u00fchendust esimesel v\u00f5imalusel, kuid mitte hiljem kui 14 p\u00e4eva jooksul alates pretensiooni k\u00e4ttesaamisest.<\/li>\n<li>Tarbijal on \u00f5igus n\u00f5uda navystudio.ee veebipoelt ostuhinna alandamist v\u00f5i lepingu l\u00f5petamist ja kauba eest raha tagasi n\u00f5uda, kui navystudio.ee veebipoel ei ole v\u00f5imalik kaupa parandada v\u00f5i asendada, kauba parandamine v\u00f5i asendamine eba\u00f5nnestub, navystudio.ee veebipood ei ole kauba puudust m\u00f5istliku aja jooksul k\u00f5rvaldanud, tarbijale on tekitatud p\u00f5hjendamatuid ebamugavusi.<\/li>\n<\/ol>\n<h3>Tarbija \u00f5igus p\u00f6\u00f6rduda tarbija\u00f5iguste kaitse komisjoni poole<\/h3>\n<ol>\n<li>Kui navystudio.ee on keeldunud Tarbija kaebust lahendamast v\u00f5i Tarbija ei ole n\u00f5us navystudio.ee pakutud lahendusega ja leiab, et on rikutud tema \u00f5igusi v\u00f5i kahjustatud tema huve, v\u00f5ib Tarbija esitada kaebuse tarbijakaebuste komisjonile Tarbijakaitseameti kaudu v\u00f5i kohtule. Tarbija v\u00f5ib esitada kaebuse ise v\u00f5i esindaja kaudu. Tarbijakaitse komisjoni andmed on toodud <a href=\"https:\/\/www.ttja.ee\/et\" target=\"_blank\" rel=\"noopener noreferrer\">Tarbijakaitseameti kodulehel<\/a>, Euroopa Liidu liikmesriikides tekkivate probleemide lahendamiseks p\u00f6\u00f6rduda\u00a0<a href=\"http:\/\/www.consumer.ee\/\" target=\"_blank\" rel=\"noopener noreferrer\">Euroopa Liidu tarbijate N\u00f5ustamiskeskusse<\/a>.<\/li>\n<\/ol>\n<p><strong>* <\/strong><strong>SERGIO HAIR EXTENTION O\u00dc on isikuandmete vastutav t\u00f6\u00f6tleja, Sergio Hair Extensions O\u00dc edastab maksete teostamiseks vajalikud isikuandmed volitatud t\u00f6\u00f6tleja Maksekeskus AS-le.\u201d<\/strong><\/p>\n","protected":false},"excerpt":{"rendered":"<p>M\u00fc\u00fcgitingimused M\u00fc\u00fcgitingimuste kehtivus M\u00fc\u00fcgitingimused kehtivad navystudio.ee veebipoest ostja (edaspidi Tarbija) ja ettev\u00f5tja Sergio Hair Extention O\u00dc (edaspidi navystudio.ee) vahel kaupade ja teenuste ostmisel. Lisaks k\u00e4esolevatele tingimustele reguleerivad navystudio.ee veebipoest toodete ostmisel tekkivaid \u00f5igussuhteid Eesti Vabariigis kehtivad v\u00f5la\u00f5igusseadus (edaspidi V\u00d5S), tarbijakaitseseadus (edaspidi TKS) ja teised \u00f5igusaktid. navystudio.ee j\u00e4tab endale \u00f5iguse teha m\u00fc\u00fcgitingimustes muudatusi. Nimetatud muudatusi kajastatakse [&hellip;]<\/p>\n","protected":false},"author":6,"featured_media":0,"parent":0,"menu_order":0,"comment_status":"closed","ping_status":"closed","template":"","meta":{"footnotes":""},"rankMath":{"parentDomain":"navystudio.ee","noFollowDomains":[],"noFollowExcludeDomains":[],"noFollowExternalLinks":false,"featuredImageNotice":"\u041f\u043e\u043a\u0430\u0437\u0430\u043d\u043d\u043e\u0435 \u0438\u0437\u043e\u0431\u0440\u0430\u0436\u0435\u043d\u0438\u0435 \u0434\u043e\u043b\u0436\u043d\u043e \u0431\u044b\u0442\u044c \u0440\u0430\u0437\u043c\u0435\u0440\u043e\u043c \u043d\u0435 \u043c\u0435\u043d\u0435\u0435 200 \u043d\u0430 200 \u043f\u0438\u043a\u0441\u0435\u043b\u0435\u0439, \u0447\u0442\u043e\u0431\u044b \u0435\u0433\u043e \u043c\u043e\u0433\u043b\u0438 \u0443\u0432\u0438\u0434\u0435\u0442\u044c Facebook \u0438 \u0434\u0440\u0443\u0433\u0438\u0435 \u0441\u0430\u0439\u0442\u044b \u0441\u043e\u0446\u0438\u0430\u043b\u044c\u043d\u044b\u0445 \u0441\u0435\u0442\u0435\u0439.","pluginReviewed":false,"postSettings":{"linkSuggestions":true,"useFocusKeyword":false},"frontEndScore":false,"postName":"muugitingimused","permalinkFormat":"https:\/\/navystudio.ee\/ru\/%pagename%\/","showLockModifiedDate":true,"assessor":{"focusKeywordLink":"https:\/\/navystudio.ee\/wp-admin\/edit.php?focus_keyword=%focus_keyword%&post_type=%post_type%","hasTOCPlugin":false,"primaryTaxonomy":false,"serpData":{"title":"","description":"","focusKeywords":"M\u00fc\u00fcgitingimused","pillarContent":false,"canonicalUrl":"","breadcrumbTitle":"","advancedRobots":{"max-snippet":"-1","max-video-preview":"-1","max-image-preview":"large"},"facebookTitle":"","facebookDescription":"","facebookImage":"","facebookImageID":"","facebookHasOverlay":false,"facebookImageOverlay":"","facebookAuthor":"","twitterCardType":"","twitterUseFacebook":true,"twitterTitle":"","twitterDescription":"","twitterImage":"","twitterImageID":"","twitterHasOverlay":false,"twitterImageOverlay":"","twitterPlayerUrl":"","twitterPlayerSize":"","twitterPlayerStream":"","twitterPlayerStreamCtype":"","twitterAppDescription":"","twitterAppIphoneName":"","twitterAppIphoneID":"","twitterAppIphoneUrl":"","twitterAppIpadName":"","twitterAppIpadID":"","twitterAppIpadUrl":"","twitterAppGoogleplayName":"","twitterAppGoogleplayID":"","twitterAppGoogleplayUrl":"","twitterAppCountry":"","robots":{"index":true},"twitterAuthor":"\u0438\u043c\u044f \u043f\u043e\u043b\u044c\u0437\u043e\u0432\u0430\u0442\u0435\u043b\u044f","primaryTerm":0,"authorName":"Dmitri Vihman","titleTemplate":"%title% %sep% %sitename%","descriptionTemplate":"%excerpt%","showScoreFrontend":true,"lockModifiedDate":false},"powerWords":[],"diacritics":{"A":"[\\u0410\\u0430]","B":"[\\u0411\\u0431]","V":"[\\u0412\\u0432]","G":"[\\u0413\\u0433]","D":"[\\u0414\\u0434]","YE":"[\\u0415\\u0435]","YO":"[\\u0401\\u0451]","ZH":"[\\u0416\\u0436]","Z":"[\\u0417\\u0437]","EE":"[\\u0418\\u0438]","YI":"[\\u0419\\u0439]","K":"[\\u041A\\u043A]","L":"[\\u041B\\u043B]","M":"[\\u041C\\u043c]","P":"[\\u041F\\u043F]","T":"[\\u0422\\u0442]","U":"[\\u0423\\u0443]","F":"[\\u0424\\u0444]","H":"[\\u0425\\u0445]","TS":"[\\u0426\\u0446]","CH":"[\\u0427\\u0447]","SH":"[\\u0428\\u0448\\u0429\\u0449]","I":"[\\u042B\\u044B]","E":"[\\u042D\\u044D]","YU":"[\\u042E\\u044E]","YA":"[\\u042F\\u044F]","N":"[\\u041D\\u043D]"},"researchesTests":["contentHasTOC","contentHasShortParagraphs","contentHasAssets","keywordInTitle","keywordInMetaDescription","keywordInPermalink","keywordIn10Percent","keywordInContent","keywordInSubheadings","keywordInImageAlt","keywordDensity","keywordNotUsed","lengthContent","lengthPermalink","linksHasInternal","linksHasExternals","linksNotAllExternals","titleStartWithKeyword","titleSentiment","titleHasPowerWords","titleHasNumber","hasContentAI"],"hasRedirection":true,"hasBreadcrumb":true},"homeUrl":"https:\/\/navystudio.ee\/ru\/","objectID":7185,"objectType":"post","locale":"ru","localeFull":"ru_RU","overlayImages":{"play":{"name":"Play \u0438\u043a\u043e\u043d\u043a\u0430","url":"https:\/\/navystudio.ee\/wp-content\/plugins\/seo-by-rank-math\/assets\/admin\/img\/icon-play.png","path":"\/data02\/virt43938\/domeenid\/www.navystudio.ee\/htdocs\/wp-content\/plugins\/seo-by-rank-math\/assets\/admin\/img\/icon-play.png","position":"middle_center"},"gif":{"name":"GIF \u0438\u043a\u043e\u043d\u043a\u0430","url":"https:\/\/navystudio.ee\/wp-content\/plugins\/seo-by-rank-math\/assets\/admin\/img\/icon-gif.png","path":"\/data02\/virt43938\/domeenid\/www.navystudio.ee\/htdocs\/wp-content\/plugins\/seo-by-rank-math\/assets\/admin\/img\/icon-gif.png","position":"middle_center"}},"defautOgImage":"https:\/\/navystudio.ee\/wp-content\/plugins\/seo-by-rank-math\/assets\/admin\/img\/social-placeholder.jpg","customPermalinks":true,"isUserRegistered":true,"autoSuggestKeywords":true,"connectSiteUrl":"https:\/\/rankmath.com\/auth?site=https%3A%2F%2Fnavystudio.ee%2Fru%2F&r=https%3A%2F%2Fnavystudio.ee%2Fru%2Fwp-json%2Fwp%2Fv2%2Fpages%2F7185%3Fnonce%3Dc960bfd14f","maxTags":5,"trendsIcon":"<svg viewBox=\"0 0 610 610\"><path d=\"M18.85,446,174.32,290.48l58.08,58.08L76.93,504a14.54,14.54,0,0,1-20.55,0L18.83,466.48a14.54,14.54,0,0,1,0-20.55Z\" style=\"fill:#4285f4\"\/><path d=\"M242.65,242.66,377.59,377.6l-47.75,47.75a14.54,14.54,0,0,1-20.55,0L174.37,290.43l47.75-47.75A14.52,14.52,0,0,1,242.65,242.66Z\" style=\"fill:#ea4335\"\/><polygon points=\"319.53 319.53 479.26 159.8 537.34 217.88 377.61 377.62 319.53 319.53\" style=\"fill:#fabb05\"\/><path d=\"M594.26,262.73V118.61h0a16.94,16.94,0,0,0-16.94-16.94H433.2a16.94,16.94,0,0,0-12,28.92L565.34,274.71h0a16.94,16.94,0,0,0,28.92-12Z\" style=\"fill:#34a853\"\/><rect width=\"610\" height=\"610\" style=\"fill:none\"\/><\/svg>","showScore":true,"siteFavIcon":"https:\/\/navystudio.ee\/wp-content\/uploads\/2019\/02\/Navy_logo1-36x36.png","canUser":{"general":false,"advanced":false,"snippet":false,"social":false,"analysis":false,"analytics":false,"content_ai":false},"isPro":false,"is_front_page":false,"trendsUpgradeLink":"https:\/\/rankmath.com\/pricing\/?utm_source=Plugin&utm_medium=CE%20General%20Tab%20Trends&utm_campaign=WP","trendsUpgradeLabel":"\u0410\u043f\u0433\u0440\u0435\u0439\u0434","trendsPreviewImage":"https:\/\/navystudio.ee\/wp-content\/plugins\/seo-by-rank-math\/assets\/admin\/img\/trends-preview.jpg","currentEditor":false,"homepageData":{"assessor":{"powerWords":[],"diacritics":true,"researchesTests":["contentHasTOC","contentHasShortParagraphs","contentHasAssets","keywordInTitle","keywordInMetaDescription","keywordInPermalink","keywordIn10Percent","keywordInContent","keywordInSubheadings","keywordInImageAlt","keywordDensity","keywordNotUsed","lengthContent","lengthPermalink","linksHasInternal","linksHasExternals","linksNotAllExternals","titleStartWithKeyword","titleSentiment","titleHasPowerWords","titleHasNumber","hasContentAI"],"hasBreadcrumb":true,"serpData":{"title":"%title% %sep% %sitename%","description":"","titleTemplate":"%sitename% %page% %sep% %sitedesc%","descriptionTemplate":"","focusKeywords":"","breadcrumbTitle":"Home","robots":{"noindex":true},"advancedRobots":{"max-snippet":"-1","max-video-preview":"-1","max-image-preview":"large"},"facebookTitle":"Navy studio","facebookDescription":"beauty studio in Tallinn","facebookImage":"","facebookImageID":""}}},"tocTitle":"Table of Contents","tocExcludeHeadings":[],"listStyle":"ul"},"_links":{"self":[{"href":"https:\/\/navystudio.ee\/ru\/wp-json\/wp\/v2\/pages\/7185"}],"collection":[{"href":"https:\/\/navystudio.ee\/ru\/wp-json\/wp\/v2\/pages"}],"about":[{"href":"https:\/\/navystudio.ee\/ru\/wp-json\/wp\/v2\/types\/page"}],"author":[{"embeddable":true,"href":"https:\/\/navystudio.ee\/ru\/wp-json\/wp\/v2\/users\/6"}],"replies":[{"embeddable":true,"href":"https:\/\/navystudio.ee\/ru\/wp-json\/wp\/v2\/comments?post=7185"}],"version-history":[{"count":5,"href":"https:\/\/navystudio.ee\/ru\/wp-json\/wp\/v2\/pages\/7185\/revisions"}],"predecessor-version":[{"id":15125,"href":"https:\/\/navystudio.ee\/ru\/wp-json\/wp\/v2\/pages\/7185\/revisions\/15125"}],"wp:attachment":[{"href":"https:\/\/navystudio.ee\/ru\/wp-json\/wp\/v2\/media?parent=7185"}],"curies":[{"name":"wp","href":"https:\/\/api.w.org\/{rel}","templated":true}]}}