{"id":16215,"date":"2024-08-21T12:32:36","date_gmt":"2024-08-21T09:32:36","guid":{"rendered":"https:\/\/navystudio.ee\/?post_type=product&#038;p=16215"},"modified":"2024-08-21T16:19:41","modified_gmt":"2024-08-21T13:19:41","slug":"nioxin-anti-hair-loss-shampoo","status":"publish","type":"product","link":"https:\/\/navystudio.ee\/en\/toode\/nioxin-anti-hair-loss-shampoo\/","title":{"rendered":"NIOXIN pro clinical Ultimate Power Anti-hair loss shampoo 240ml"},"content":{"rendered":"","protected":false},"excerpt":{"rendered":"<h4><strong>NIOXIN pro clinical Ultimate Power Anti-hair loss shampoo &#8211; juuste v\u00e4ljalangemisvastane \u0161ampoon 240ml<\/strong><\/h4>\n<p>Nioxini juuste v\u00e4ljalangemisvastane \u0161ampoon eemaldab juustelt tootej\u00e4\u00e4gid. T\u00e4nu sellele kasvavad<sup>1<\/sup> juuksed kliiniliselt t\u00f5estatult juurtest alates tugevamana. 93% kasutajatest langesid juuksed 12 n\u00e4dala j\u00e4rel n\u00e4htavalt v\u00e4hem v\u00e4lja<sup>2\u00a0\u00a0<\/sup><\/p>\n<p>\u0160ampoon puhastab peanaha s\u00fcgavuti, eemaldades mustuse ja liigse rasu. Sisaldab niatsiinamiidi, kofeiini, lauriinhappe ja SANDALORE\u2122-i v\u00f5imast kooslust. \u00dchiselt toimides aitavad need stimuleerida folliikuleid ja toita juukseid.<br \/>\nSoodustab juuksekasvu: loob juuksekasvuks optimaalse keskkonna. Toetab juuste \u00fcldist tervist ja eluj\u00f5udu, et juuksed kasvaksid1 juurtest alates tugevamana<\/p>\n<p><sup>1<\/sup>Tegemist ei ole juukseid kasvama paneva tootega.<br \/>\n<sup>2<\/sup>P\u00e4rast 12-n\u00e4dalast kliinilist uuringut 30 juuste v\u00e4ljalangemise probleemiga tarbija seas.<\/p>\n<p><strong>Kasutamine:<\/strong><br \/>\nmasseerige \u0161ampoon 2 minuti v\u00e4ltel peanahale ja juustesse. Loputage hoolikalt. Parimaks tulemuseks kasutage iga p\u00e4ev.<\/p>\n<p><strong>Koostis:<\/strong><br \/>\nAqua\/Water\/Eau, Sodium Laureth Sulfate, Sodium Lauryl Sulfate, Cocamidopropyl Betaine, Caffeine, Sandalore, Sodium Benzoate, Citric Acid, Mentha Arvensis Leaf Oil, Panthenol, Salicylic Acid, Lauric Acid, Niacinamide, Trisodium Ethylenediamine Disuccinate, Methylparaben, Polyquaternium-10, Mentha Piperita (Peppermint) Oil, Sodium Hydroxide, Limonene, Biotin, Alcohol, Tocopherol, Sodium Citrate, Sodium Chloride, Sodium Xylenesulfonate.<\/p>\n<p><b>Rohkem info: <a href=\"http:\/\/www.nioxin.com\/\">www.nioxin.com<\/a><\/b><\/p>\n","protected":false},"featured_media":16216,"template":"","meta":[],"product_cat":[155],"product_tag":[],"trademarks":[901],"_links":{"self":[{"href":"https:\/\/navystudio.ee\/en\/wp-json\/wp\/v2\/product\/16215"}],"collection":[{"href":"https:\/\/navystudio.ee\/en\/wp-json\/wp\/v2\/product"}],"about":[{"href":"https:\/\/navystudio.ee\/en\/wp-json\/wp\/v2\/types\/product"}],"wp:featuredmedia":[{"embeddable":true,"href":"https:\/\/navystudio.ee\/en\/wp-json\/wp\/v2\/media\/16216"}],"wp:attachment":[{"href":"https:\/\/navystudio.ee\/en\/wp-json\/wp\/v2\/media?parent=16215"}],"wp:term":[{"taxonomy":"product_cat","embeddable":true,"href":"https:\/\/navystudio.ee\/en\/wp-json\/wp\/v2\/product_cat?post=16215"},{"taxonomy":"product_tag","embeddable":true,"href":"https:\/\/navystudio.ee\/en\/wp-json\/wp\/v2\/product_tag?post=16215"},{"taxonomy":"trademarks","embeddable":true,"href":"https:\/\/navystudio.ee\/en\/wp-json\/wp\/v2\/trademarks?post=16215"}],"curies":[{"name":"wp","href":"https:\/\/api.w.org\/{rel}","templated":true}]}}