{"id":16146,"date":"2024-08-06T15:00:34","date_gmt":"2024-08-06T12:00:34","guid":{"rendered":"https:\/\/navystudio.ee\/?post_type=product&#038;p=16146"},"modified":"2024-08-15T15:38:50","modified_gmt":"2024-08-15T12:38:50","slug":"nioxin-pro-clinical-system-1-for-natural-hair-with-light-thinning-300ml300ml100ml","status":"publish","type":"product","link":"https:\/\/navystudio.ee\/en\/toode\/nioxin-pro-clinical-system-1-for-natural-hair-with-light-thinning-300ml300ml100ml\/","title":{"rendered":"NIOXIN pro clinical SYSTEM 1 for natural hair with light thinning 300ml+300ml+100ml"},"content":{"rendered":"","protected":false},"excerpt":{"rendered":"<h4><strong>NIOXIN pro clinical SYSTEM 1 for natural hair with light thinning &#8211; 3-osaline peanahka hooldav ja juukseid tihendav hoolduss\u00fcsteem 300ml+300ml+100ml<\/strong><\/h4>\n<p>Nioxin Pro Clinicali 1. sari on lihtsalt kasutatav kolmeosaline hoolduskomplekt, mis on m\u00f5eldud kergelt h\u00f5renevatele loomulikele ja t\u00f6\u00f6tlemata juustele. Sari on kliiniliselt ja dermatoloogiliselt testitud, hooldab peanahka ning muudab juuksed juurtest otsteni tihedamaks ja murdumise vastu tugevamaks. Kaheksa kasutajat k\u00fcmnest \u00fctles, et juuksed olid 30 p\u00e4evaga tihedamad ja paksemad!<\/p>\n<p>Sari sisaldab niatsiinamiidi, biotiini ja kofeiini v\u00f5imast kooslust, mis aitab toita juuksejuuri, stimuleerida juuksefolliikuleid ja tugevdada juuksekarvu.<\/p>\n<p>Sarja kolmeosaline hooldus algab peanahka ja juukseid hooldava \u0161ampooniga. Kandke see m\u00e4rgadele juustele, masseerige peanahka ja juukseid \u00f5rnalt \u00fche minuti v\u00e4ltel ning seej\u00e4rel loputage hoolikalt. \u00d5rn \u0161ampoon eemaldab juustelt mustuse, sealhulgas karvan\u00e4\u00e4psusid ummistava rasu ja keskkonnaj\u00e4\u00e4gid, ning valmistab peanaha ette j\u00e4rgmisteks toodeteks.<\/p>\n<p>Seej\u00e4rel kasutage peanahka ja juukseid hooldavat palsamit. Katke juuksed ja peanahk \u00fchtlaselt ning laske palsamil 1\u20133 minutit m\u00f5juda. Loputage hoolikalt. Palsam aitab taastada juuste niiskustasakaalu ja kaitseb neid murdumise eest.<\/p>\n<p>L\u00f5petuseks kasutage peanahka hooldavat ja juukseid tihendavat hooldustoodet. Raputage pudelit korralikult ja kandke toode otse peanahale, kattes kogu peanaha. Masseerige \u00f5rnalt. \u00c4rge loputage. Toode hooldab peanahka elut\u00e4htsate toitainete, antioks\u00fcdantide ja taimsete koostisainetega, toites peanahka ja kaitstes seda kahjustuste eest. Lisaks aitab see v\u00e4rskendada peanahka ja suurendada igat juuksekarva, et juuksed n\u00e4eksid v\u00e4lja paksemad ja tihedamad.<\/p>\n<p>Parimaks tulemuseks kasutage Nioxini 1. sarja k\u00f5iki tooteid iga p\u00e4ev.<\/p>\n<p>1. Muudab juuksed paksemaks: Nioxini 1. sari on kliiniliselt v\u00e4lja t\u00f6\u00f6tatud, et muuta kergelt h\u00f5renevad loomulikud juuksed paksemaks ja tihedamaks. Tulemust on n\u00e4ha k\u00f5igest 30 p\u00e4evaga.<br \/>\n2. Muudab peanaha tervemaks: Nioxini 1. sarja toodete uudsed koostised puhastavad peanaha \u00f5rnalt, eemaldades sellelt folliikuleid ummistava mustuse ja liigse rasu ning aidates parandada peanaha keskkonda.<br \/>\n3. V\u00e4hendab juuste h\u00f5renemist: Nioxini 1. sari muudab juuksed vastupidavamaks, aidates t\u00e4nu sellele v\u00e4hendada juuste murdumist ning andes juustele paksema ja tihedama v\u00e4limuse.<br \/>\n4. Toidab peanahka: sarja peanahka hooldavat ja juukseid tihendavat hooldustoodet on rikastatud toitvate taimsete koostisainete ja antioks\u00fcdantidega. Hooldustoode toidab peanahka ja taastab selle eluj\u00f5u, parandades peanaha \u00fcldist tervist ja seisundit.<\/p>\n<p><strong>Koostis:<\/strong><br \/>\nSYSTEM KIT 1 SHAMPOO:<br \/>\nAqua\/Water\/Eau, Sodium Laureth Sulfate, Sodium Lauryl Sulfate, Cocamidopropyl Betaine, Cocamide MEA, Sodium Benzoate, Citric Acid, Sodium Chloride, Salicylic Acid, Mentha Arvensis Leaf Oil, Mentha Piperita (Peppermint) Oil, Tetrasodium EDTA, Methylparaben, Propylene Glycol, Glycerin, Sodium Hydroxide, Limonene, Camellia Sinensis Leaf Extract, Cystine Bis-PG-Propyl Silanetriol, Niacinamide, Panthenol, Biotin, Lecithin, Tocopheryl Acetate, Citrus Paradisi (Grapefruit) Peel Extract, Humulus Lupulus (Hops) Flower Extract, Urtica Dioica (Nettle) Leaf Extract, Blue 1 (CI 42090), Acer Saccharum (Sugar Maple) Extract, Citrus Limon (Lemon) Peel Extract, Saccharum Officinarum\/Sugar Cane Extract\/Extrait de canne \u00e0 sucre, Vaccinium Myrtillus Leaf Extract, Faex Extract\/Yeast Extract\/Extrait de levure, Propylparaben, Phenoxyethanol, Citrus Aurantium Dulcis (Orange) Fruit Extract, Potassium Sorbate, Maltodextrin, Sodium Citrate, Ethylparaben, Butylparaben, Sodium Xylenesulfonate.<\/p>\n<p>SYSTEM KIT 1 CONDITIONER:<br \/>\nAqua\/Water\/Eau, Cetyl Alcohol, Stearamidopropyl Dimethylamine, Stearyl Alcohol, Distearyldimonium Chloride, Mentha Arvensis Leaf Oil, Mentha Piperita (Peppermint) Oil, Hydroxyethylcellulose, Phenoxyethanol, Benzyl Alcohol, Cetearyl Alcohol, Glyceryl Stearate, Oleyl Alcohol, Propylene Glycol, Methylparaben, PEG-2M, Propylparaben, Polysorbate 60, Quaternium-80, EDTA, Citric Acid, Limonene, Camellia Sinensis Leaf Extract, Silica, Cystine Bis-PG-Propyl Silanetriol, Disodium Phosphate, Niacinamide, Panthenol, Biotin, Lecithin, Tocopheryl Acetate, Citrus Paradisi (Grapefruit) Peel Extract, Humulus Lupulus (Hops) Flower Extract, Urtica Dioica (Nettle) Leaf Extract, Sodium Phosphate, BHT, Acer Saccharum (Sugar Maple) Extract, Citrus Limon (Lemon) Peel Extract, Saccharum Officinarum\/Sugar Cane Extract\/Extrait de canne \u00e0 sucre, Vaccinium Myrtillus Leaf Extract, Faex Extract\/Yeast Extract\/Extrait de levure, Citrus Aurantium Dulcis (Orange) Fruit Extract, Sodium Benzoate, Potassium Sorbate, Maltodextrin, Blue 1 (CI 42090), Ethylparaben, Butylparaben.<\/p>\n<p>SYSTEM KIT 1 TREATMENT:<br \/>\nAqua\/Water\/Eau, Niacinamide, Caffeine, Phenoxyethanol, Sodium Benzoate, Benzyl Alcohol, Acrylates\/C10-30 Alkyl Acrylate Crosspolymer, Polysorbate 80, Polysorbate 60, Acetamide MEA, Triethanolamine, PEG-23M, Propylene Glycol, Tetrasodium EDTA, Methyl Nicotinate, Parfum\/Fragrance, Mentha Arvensis Leaf Oil, Mentha Piperita (Peppermint) Oil, PEG-30 Dipolyhydroxystearate, Trideceth-6, Limonene, Camellia Sinensis Leaf Extract, Silica, Cystine Bis-PG-Propyl Silanetriol, Biotin, Lecithin, Tocopheryl Acetate, Humulus Lupulus (Hops) Flower Extract, Citrus Paradisi (Grapefruit) Peel Extract, Urtica Dioica (Nettle) Leaf Extract, Acer Saccharum (Sugar Maple) Extract, Citrus Limon (Lemon) Peel Extract, Saccharum Officinarum\/Sugar Cane Extract\/Extrait de canne \u00e0 sucre, Vaccinium Myrtillus Leaf Extract, Faex Extract\/Yeast Extract\/Extrait de levure, Propylparaben, Citrus Aurantium Dulcis (Orange) Fruit Extract, BHT, Potassium Sorbate, Maltodextrin, Methylparaben, Ethylparaben, Butylparaben.<\/p>\n<p><b>Rohkem info:\u00a0<a href=\"http:\/\/www.nioxin.com\/\">www.nioxin.com<\/a><\/b><\/p>\n","protected":false},"featured_media":16160,"template":"","meta":[],"product_cat":[161],"product_tag":[],"trademarks":[901],"_links":{"self":[{"href":"https:\/\/navystudio.ee\/en\/wp-json\/wp\/v2\/product\/16146"}],"collection":[{"href":"https:\/\/navystudio.ee\/en\/wp-json\/wp\/v2\/product"}],"about":[{"href":"https:\/\/navystudio.ee\/en\/wp-json\/wp\/v2\/types\/product"}],"wp:featuredmedia":[{"embeddable":true,"href":"https:\/\/navystudio.ee\/en\/wp-json\/wp\/v2\/media\/16160"}],"wp:attachment":[{"href":"https:\/\/navystudio.ee\/en\/wp-json\/wp\/v2\/media?parent=16146"}],"wp:term":[{"taxonomy":"product_cat","embeddable":true,"href":"https:\/\/navystudio.ee\/en\/wp-json\/wp\/v2\/product_cat?post=16146"},{"taxonomy":"product_tag","embeddable":true,"href":"https:\/\/navystudio.ee\/en\/wp-json\/wp\/v2\/product_tag?post=16146"},{"taxonomy":"trademarks","embeddable":true,"href":"https:\/\/navystudio.ee\/en\/wp-json\/wp\/v2\/trademarks?post=16146"}],"curies":[{"name":"wp","href":"https:\/\/api.w.org\/{rel}","templated":true}]}}