{"id":16044,"date":"2024-08-06T14:29:57","date_gmt":"2024-08-06T11:29:57","guid":{"rendered":"https:\/\/navystudio.ee\/?post_type=product&#038;p=16044"},"modified":"2024-08-15T15:21:50","modified_gmt":"2024-08-15T12:21:50","slug":"nioxin-pro-clinical-system-4-kit-for-colored-hair-with-progressed-thinning-300ml300ml100ml","status":"publish","type":"product","link":"https:\/\/navystudio.ee\/en\/toode\/nioxin-pro-clinical-system-4-kit-for-colored-hair-with-progressed-thinning-300ml300ml100ml\/","title":{"rendered":"NIOXIN pro clinical SYSTEM 4 kit for colored hair with progressed thinning 300ml+300ml+100ml"},"content":{"rendered":"","protected":false},"excerpt":{"rendered":"<h4><strong>NIOXIN pro clinical SYSTEM 4 kit for colored hair with progressed thinning &#8211; 3-osaline peanahka hooldav ja juukseid tihendav hoolduss\u00fcsteem 300ml+300ml+100ml<\/strong><\/h4>\n<p>Nioxin Pro Clinicali 4. sari on m\u00f5eldud m\u00e4rgatavalt h\u00f5renevatele kuivadele, kahjustatud ja v\u00e4rvitud juustele. Sari on kliiniliselt ja dermatoloogiliselt testitud, hooldab peanahka, muudab juuksed tihedamaks ja murdumise vastu tugevamaks ning kaitseb nende v\u00e4rvi. Kaheksa kasutajat k\u00fcmnest \u00fctles, et juuksed olid 30 p\u00e4evaga tihedamad ja paksemad!<\/p>\n<p>Sari sisaldab niatsiinamiidi, biotiini ja kofeiini v\u00f5imast kooslust, mis aitab toita juuksejuuri, stimuleerida juuksefolliikuleid ja tugevdada juuksekarvu.<\/p>\n<p>Sarja kolmeosaline hooldus algab peanahka ja juukseid hooldava \u0161ampooniga. Kandke see m\u00e4rgadele juustele, masseerige peanahka ja juukseid \u00f5rnalt \u00fche minuti v\u00e4ltel ning seej\u00e4rel loputage hoolikalt. \u00d5rn \u0161ampoon eemaldab juustelt mustuse, sealhulgas karvan\u00e4\u00e4psusid ummistava rasu ja keskkonnaj\u00e4\u00e4gid, ning valmistab peanaha ette j\u00e4rgmisteks toodeteks.<\/p>\n<p>Seej\u00e4rel kasutage peanahka ja juukseid hooldavat palsamit. Katke juuksed ja peanahk \u00fchtlaselt ning laske palsamil 1\u20133 minutit m\u00f5juda. Loputage hoolikalt. Palsam aitab taastada juuste niiskustasakaalu ja kaitseb neid murdumise eest.<\/p>\n<p>L\u00f5petuseks kasutage peanahka hooldavat ja juukseid tihendavat hooldustoodet. Raputage pudelit korralikult ja kandke toode otse peanahale, kattes kogu peanaha. Masseerige \u00f5rnalt. \u00c4rge loputage. Toode hooldab peanahka elut\u00e4htsate toitainete, antioks\u00fcdantide ja taimsete koostisainetega, toites peanahka ja kaitstes seda kahjustuste eest. Lisaks aitab see v\u00e4rskendada peanahka ja suurendada igat juuksekarva, et juuksed n\u00e4eksid v\u00e4lja paksemad ja tihedamad. Hooldustoode sisaldab peanahka ja juukseid UV-kiirguse eest kaitsvaid koostisaineid.<\/p>\n<p>Parimaks tulemuseks kasutage Nioxini 4. sarja k\u00f5iki tooteid iga p\u00e4ev.<\/p>\n<p>85% tarbijatest m\u00e4rkas, et juuksed olid paksemad, 80% m\u00e4rkas, et juuksed olid tihedamad, ja 80% m\u00e4rkas, et juuksed olid t\u00e4idlasemad<br \/>\n1. Muudab juuksed paksemaks: Nioxini 4. sari on kliiniliselt v\u00e4lja t\u00f6\u00f6tatud, et muuta m\u00e4rgatavalt h\u00f5renevad kuivad, kahjustatud ja v\u00e4rvitud juuksed paksemaks ja tihedamaks. Tulemust on n\u00e4ha k\u00f5igest 30 p\u00e4evaga.<br \/>\n2. Muudab peanaha tervemaks: Nioxini 4. sarja toodete uudsed koostised puhastavad peanaha \u00f5rnalt, eemaldades sellelt folliikuleid ummistava mustuse ja liigse rasu ning aidates parandada peanaha keskkonda.<br \/>\n3. V\u00e4hendab juuste h\u00f5renemist: Nioxini 4. sari muudab juuksed vastupidavamaks, aidates t\u00e4nu sellele v\u00e4hendada juuste murdumist ning andes juustele paksema ja tihedama v\u00e4limuse. Lisaks kaitseb sari juuksev\u00e4rvi.<br \/>\n4. Toidab peanahka: sarja peanahka hooldavat ja juukseid tihendavat hooldustoodet on rikastatud toitvate taimsete koostisainete, antioks\u00fcdantide ja UV-kiirguse eest kaitsvate koostisainetega. Hooldustoode toidab peanahka ja taastab selle eluj\u00f5u, parandades peanaha \u00fcldist tervist ja seisundit.<\/p>\n<p><strong>Koostis:<\/strong><br \/>\nSYSTEM KIT 4 SHAMPOO:<br \/>\nAqua\/Water\/Eau, Sodium Laureth Sulfate, Sodium Lauryl Sulfate, Sodium Chloride, PPG-2 Hydroxyethyl Coco\/Isostearamide, Sodium Benzoate, Citric Acid, Salicylic Acid, Mentha Arvensis Leaf Oil, Mentha Piperita (Peppermint) Oil, Tetrasodium EDTA, Trisodium Ethylenediamine Disuccinate, Methylparaben, Polyquaternium-10, Propylene Glycol, Sodium Hydroxide, Limonene, Camellia Sinensis Leaf Extract, Cystine Bis-PG-Propyl Silanetriol, Niacinamide, Panthenol, Biotin, Lecithin, Tocopheryl Acetate, Foeniculum Vulgare (Fennel) Fruit Extract, Yellow 5 (CI 19140), Acer Saccharum (Sugar Maple) Extract, Citrus Limon (Lemon) Peel Extract, Saccharum Officinarum\/Sugar Cane Extract\/Extrait de canne \u00e0 sucre, Vaccinium Myrtillus Leaf Extract, Faex Extract\/Yeast Extract\/Extrait de levure, Propylparaben, Blue 1 (CI 42090), Phenoxyethanol, Citrus Aurantium Dulcis (Orange) Fruit Extract, Red 33 (CI 17200), Maltodextrin, Potassium Sorbate, Sodium Citrate, Ethylparaben, Butylparaben, Sodium Xylenesulfonate.<\/p>\n<p>SYSTEM KIT 4 CONDITIONER:<br \/>\nAqua\/Water\/Eau, Cetyl Alcohol, Stearamidopropyl Dimethylamine, Stearyl Alcohol, Distearyldimonium Chloride, Phenoxyethanol, Benzyl Alcohol, Cetearyl Alcohol, Hydroxypropyl Guar, Glyceryl Stearate, Oleyl Alcohol, Mentha Piperita (Peppermint) Oil, Mentha Arvensis Leaf Oil, Propylparaben, Polysorbate 60, Propylene Glycol, Methylparaben, EDTA, Hydroxyethylcellulose, Citric Acid, Quaternium-80, Limonene, Camellia Sinensis Leaf Extract, Cystine Bis-PG-Propyl Silanetriol, Tocopheryl Acetate, Lecithin, Biotin, Panthenol, Niacinamide, Foeniculum Vulgare (Fennel) Fruit Extract, Disodium Phosphate, Acer Saccharum (Sugar Maple) Extract, Vaccinium Myrtillus Leaf Extract, Citrus Limon (Lemon) Peel Extract, Saccharum Officinarum\/Sugar Cane Extract\/Extrait de canne \u00e0 sucre, Faex Extract\/Yeast Extract\/Extrait de levure, Sodium Phosphate, Citrus Aurantium Dulcis (Orange) Fruit Extract, Maltodextrin, Blue 1 (CI 42090), Potassium Sorbate, Sodium Benzoate, Ethylparaben, Butylparaben<\/p>\n<p>SYSTEM KIT 4 TREATMENT:<br \/>\nAqua\/Water\/Eau, Niacinamide, Phenylbenzimidazole Sulfonic Acid, Caffeine, Polysorbate 20, Benzophenone-4, Phenoxyethanol, Sodium Benzoate, PEG-12 Dimethicone, Benzyl Alcohol, Sodium Hydroxide, Cocamidopropyl Betaine, Acetamide MEA, Tetrasodium EDTA, Propylene Glycol, Methyl Nicotinate, Mentha Arvensis Leaf Oil, Parfum\/Fragrance, Polysorbate 80, Polysorbate 60, PEG-23M, Mentha Piperita (Peppermint) Oil, Limonene, Camellia Sinensis Leaf Extract, Cystine Bis-PG-Propyl Silanetriol, Lecithin, Tocopheryl Acetate, Biotin, Foeniculum Vulgare (Fennel) Fruit Extract, Silica, Citrus Limon (Lemon) Peel Extract, Saccharum Officinarum\/Sugar Cane Extract\/Extrait de canne \u00e0 sucre, Acer Saccharum (Sugar Maple) Extract, Vaccinium Myrtillus Leaf Extract, Citric Acid, Faex Extract\/Yeast Extract\/Extrait de levure, Propylparaben, Citrus Aurantium Dulcis (Orange) Fruit Extract, Maltodextrin, Methylparaben, Potassium Sorbate, Ethylparaben, Butylparaben, BHT.<\/p>\n<p><b>Rohkem info:\u00a0<a href=\"http:\/\/www.nioxin.com\/\">www.nioxin.com<\/a><\/b><\/p>\n","protected":false},"featured_media":16063,"template":"","meta":[],"product_cat":[161],"product_tag":[],"trademarks":[901],"_links":{"self":[{"href":"https:\/\/navystudio.ee\/en\/wp-json\/wp\/v2\/product\/16044"}],"collection":[{"href":"https:\/\/navystudio.ee\/en\/wp-json\/wp\/v2\/product"}],"about":[{"href":"https:\/\/navystudio.ee\/en\/wp-json\/wp\/v2\/types\/product"}],"wp:featuredmedia":[{"embeddable":true,"href":"https:\/\/navystudio.ee\/en\/wp-json\/wp\/v2\/media\/16063"}],"wp:attachment":[{"href":"https:\/\/navystudio.ee\/en\/wp-json\/wp\/v2\/media?parent=16044"}],"wp:term":[{"taxonomy":"product_cat","embeddable":true,"href":"https:\/\/navystudio.ee\/en\/wp-json\/wp\/v2\/product_cat?post=16044"},{"taxonomy":"product_tag","embeddable":true,"href":"https:\/\/navystudio.ee\/en\/wp-json\/wp\/v2\/product_tag?post=16044"},{"taxonomy":"trademarks","embeddable":true,"href":"https:\/\/navystudio.ee\/en\/wp-json\/wp\/v2\/trademarks?post=16044"}],"curies":[{"name":"wp","href":"https:\/\/api.w.org\/{rel}","templated":true}]}}