{"id":16027,"date":"2024-08-06T14:08:40","date_gmt":"2024-08-06T11:08:40","guid":{"rendered":"https:\/\/navystudio.ee\/?post_type=product&#038;p=16027"},"modified":"2024-08-15T15:15:25","modified_gmt":"2024-08-15T12:15:25","slug":"nioxin-pro-clinical-anti-breakage-strengthening-mask-150ml","status":"publish","type":"product","link":"https:\/\/navystudio.ee\/en\/toode\/nioxin-pro-clinical-anti-breakage-strengthening-mask-150ml\/","title":{"rendered":"NIOXIN pro clinical anti-breakage STRENGTHENING mask 150ml"},"content":{"rendered":"","protected":false},"excerpt":{"rendered":"<h4><strong>NIOXIN pro clinical anti-breakage STRENGTHENING mask &#8211; juuste murdumisvastane mask 150ml<\/strong><\/h4>\n<p>Nioxini murdumisvastane tugevdav mask kaitseb juukseid t\u00f5husalt murdumise eest, muutes need paksemaks ja tihedamaks. Mask toidab, niisutab ja hooldab peanahka elut\u00e4htsate toitainetega, et muuta peanahk tervemaks ja kaitsta juukseid murdumise eest.<\/p>\n<p><strong>Kasutamine:<\/strong><br \/>\nKasutamiseks kandke v\u00e4ike kogus maski r\u00e4tikukuivadele v\u00f5i kuivadele juustele. Masseerige toode \u00f5rnalt peanahka ja katke juuksed \u00fchtlaselt juurtest otsteni.Laske 3\u20135 minutit m\u00f5juda. Loputage hoolikalt. (Ei ole vaja kasutada m\u00fctsi ega kuumust.)<\/p>\n<p>1. Parim hooldus peanahale: pakub koos juukseid tihendavate toodetega peanahale parima hoolduse, et anda juustele paksem ja tihedam v\u00e4limus.<br \/>\n2. Kaitseb murdumise eest: aitab muuta juuksekarvad tugevamaks, et kaitsta neid murdumise eest ning muuta juuksed tervemaks ja vastupidavamaks.<br \/>\n3. Toidab ja niisutab: maski toitev koostis sisaldab elut\u00e4htsaid toitaineid ning niisutab juukseid ja peanahka, parandades juuste \u00fcldist tervist.<br \/>\n4. Kerge ja ei muuda rasuseks: mask on kerge ja ei muuda juukseid rasuseks, imendudes kiiresti ja j\u00e4tmata juustele tootej\u00e4\u00e4ke.<br \/>\n5. Sobib k\u00f5igile juukset\u00fc\u00fcpidele: mask sobib k\u00f5igile juukset\u00fc\u00fcpidele ja igap\u00e4evaseks kasutamiseks teie juuksehooldusrutiini osana.<\/p>\n<p><strong>Koostis:<\/strong><br \/>\nAqua\/Water\/Eau, Stearyl Alcohol, Behentrimonium Chloride, Cetyl Alcohol, Isopropyl Alcohol, Benzyl Alcohol, Phenoxyethanol, Propylene Glycol, Quaternium-80, Parfum\/Fragrance, Methylparaben, Propylparaben, Disodium Edta, Polysorbate 20, Vaccinium Myrtillus Leaf Extract, Saccharum Officinarum\/Sugar Cane Extract\/Extrait De Canne \u00c0 Sucre, Citrus Limon (Lemon) Peel Extract, Acer Saccharum (Sugar Maple) Extract, Citrus Aurantium Dulcis (Orange) Fruit Extract, Hydrolyzed Silk, Aleurites Moluccanus Seed Oil, Sodium Benzoate, Potassium Sorbate.<\/p>\n<p><b>Rohkem info:\u00a0<a href=\"http:\/\/www.nioxin.com\/\">www.nioxin.com<\/a><\/b><\/p>\n","protected":false},"featured_media":16028,"template":"","meta":[],"product_cat":[162],"product_tag":[],"trademarks":[901],"_links":{"self":[{"href":"https:\/\/navystudio.ee\/en\/wp-json\/wp\/v2\/product\/16027"}],"collection":[{"href":"https:\/\/navystudio.ee\/en\/wp-json\/wp\/v2\/product"}],"about":[{"href":"https:\/\/navystudio.ee\/en\/wp-json\/wp\/v2\/types\/product"}],"wp:featuredmedia":[{"embeddable":true,"href":"https:\/\/navystudio.ee\/en\/wp-json\/wp\/v2\/media\/16028"}],"wp:attachment":[{"href":"https:\/\/navystudio.ee\/en\/wp-json\/wp\/v2\/media?parent=16027"}],"wp:term":[{"taxonomy":"product_cat","embeddable":true,"href":"https:\/\/navystudio.ee\/en\/wp-json\/wp\/v2\/product_cat?post=16027"},{"taxonomy":"product_tag","embeddable":true,"href":"https:\/\/navystudio.ee\/en\/wp-json\/wp\/v2\/product_tag?post=16027"},{"taxonomy":"trademarks","embeddable":true,"href":"https:\/\/navystudio.ee\/en\/wp-json\/wp\/v2\/trademarks?post=16027"}],"curies":[{"name":"wp","href":"https:\/\/api.w.org\/{rel}","templated":true}]}}