{"id":16013,"date":"2024-08-06T14:00:32","date_gmt":"2024-08-06T11:00:32","guid":{"rendered":"https:\/\/navystudio.ee\/?post_type=product&#038;p=16013"},"modified":"2024-08-21T15:20:55","modified_gmt":"2024-08-21T12:20:55","slug":"nioxin-pro-clinical-strong-hold-hairspray-300ml","status":"publish","type":"product","link":"https:\/\/navystudio.ee\/en\/toode\/nioxin-pro-clinical-strong-hold-hairspray-300ml\/","title":{"rendered":"NIOXIN pro clinical STRONG hold hairspray 300ml"},"content":{"rendered":"","protected":false},"excerpt":{"rendered":"<h4><strong>NIOXIN pro clinical STRONG hold hairspray &#8211; tugevalt fikseeriv juukselakk 300ml<\/strong><\/h4>\n<p>Nioxini tugevalt fikseeriv juukselakk tagab, et soeng p\u00fcsib kaunis, juuksed pole j\u00e4igad ja neil pole tootest tekkinud helbeid. Lakk fikseerib usaldusv\u00e4\u00e4rselt, j\u00e4ttes juuksed samas paindlikuks ja loomulikult liikuvaks justkui oleksite juuksed hetkega soengusse seadnud.<\/p>\n<p>Lakk fikseerib tugevalt ja peab vastu niiskusele, tagades, et soeng p\u00fcsib ka keerulistes ilmaoludes. Sisaldab ProThick tehnoloogiat, mis tekitab juuksekarvade vahel mikrosidemed, mis aitavad hoida juuksed kohevad ning tugevalt ja samas \u00f5rnalt fikseeritud. Lisaks on lakki lihtne juustest v\u00e4lja kammida. Sobib k\u00f5ige paremini keskmistele kuni j\u00e4medatele juukset\u00fc\u00fcpidele. Lakk on mitmekesine, sobides erinevate soengute tegemiseks.<br \/>\nProovige selle tugevalt fikseerivat toimet, mis j\u00e4tab juuksed loomulikult liikuvaks ja ei muuda neid j\u00e4igaks. P\u00e4rast laki kasutamist saate juukseid kammida ja need on katsudes pehmed, et saaksite soengut soovi korral muuta.<\/p>\n<p><strong>Kasutamine:<\/strong><br \/>\nKasutamiseks hoidke pudelit juustest umbes 30 cm kaugusel ja pihustage, kattes juuksed soengu fikseerimiseks \u00fchtlaselt. Tugevamaks toimeks pihustage rohkem lakki. Parimaks tulemuseks kasutage koos Nioxini teiste stiliseerimistoodetega.<\/p>\n<p>1. Fikseerib tugevalt: lakk fikseerib tugevalt, hoides soengu kindlalt paigal, kuid ei muuda juukseid j\u00e4igaks ega kata neid tootest tekkinud helvestega.<br \/>\n2. \u041a\u0440\u0435\u043f\u043a\u043e \u0434\u0435\u0440\u0436\u0438\u0442\u0441\u044f: \u043b\u0430\u043a \u0434\u043b\u044f \u0432\u043e\u043b\u043e\u0441 \u043a\u0440\u0435\u043f\u043a\u043e \u0434\u0435\u0440\u0436\u0438\u0442\u0441\u044f, \u043f\u0440\u043e\u0447\u043d\u043e \u0443\u0434\u0435\u0440\u0436\u0438\u0432\u0430\u044f \u043f\u0440\u0438\u0447\u0435\u0441\u043a\u0443, \u043d\u043e \u043d\u0435 \u0434\u0435\u043b\u0430\u0435\u0442 \u0432\u043e\u043b\u043e\u0441\u044b \u0436\u0435\u0441\u0442\u043a\u0438\u043c\u0438 \u0438 \u043d\u0435 \u043f\u043e\u043a\u0440\u044b\u0432\u0430\u0435\u0442 \u0438\u0445 \u0445\u043b\u043e\u043f\u044c\u044f\u043c\u0438 \u043f\u0440\u043e\u0434\u0443\u043a\u0442\u0430.<br \/>\n3. M\u00e4\u00e4ratleb ja paneb juuksed s\u00e4rama: laki koostis m\u00e4\u00e4ratleb juuksed ja paneb need s\u00e4rama, andes soengule veel kaunima v\u00e4limuse.<br \/>\n4. Peab niiskusele vastu: lakk on niiskuskindel, et soeng p\u00fcsiks ka keerulistes ilmaoludes<br \/>\n5. Sobib k\u00f5igile juukset\u00fc\u00fcpidele: lakk sobib k\u00f5igile juukset\u00fc\u00fcpidele ja erinevate soengute tegemiseks..<\/p>\n<p><strong>Koostis:<\/strong><br \/>\nAlcohol Denat., Hydrofluorocarbon 152a, Aqua\/Water\/Eau, Octylacrylamide\/Acrylates\/Butylaminoethyl Methacrylate Copolymer, Aminomethyl Propanol, Ammonium Benzoate, Peg-8 Dimethicone, Acetamide Mea, Parfum\/Fragrance, Glycereth-7 Triacetate, Panthenol, Triethyl Citrate, Mentha Arvensis Leaf Oil, Benzyl Salicylate, Hexyl Cinnamal, Mentha Piperita (Peppermint) Oil, Alpha-Isomethyl Ionone, Linalool, Limonene, Citronellol, Citric Acid.<\/p>\n<p><b>Rohkem info: <a href=\"http:\/\/www.nioxin.com\/\">www.nioxin.com<\/a><\/b><\/p>\n","protected":false},"featured_media":16020,"template":"","meta":[],"product_cat":[163],"product_tag":[],"trademarks":[901],"_links":{"self":[{"href":"https:\/\/navystudio.ee\/en\/wp-json\/wp\/v2\/product\/16013"}],"collection":[{"href":"https:\/\/navystudio.ee\/en\/wp-json\/wp\/v2\/product"}],"about":[{"href":"https:\/\/navystudio.ee\/en\/wp-json\/wp\/v2\/types\/product"}],"wp:featuredmedia":[{"embeddable":true,"href":"https:\/\/navystudio.ee\/en\/wp-json\/wp\/v2\/media\/16020"}],"wp:attachment":[{"href":"https:\/\/navystudio.ee\/en\/wp-json\/wp\/v2\/media?parent=16013"}],"wp:term":[{"taxonomy":"product_cat","embeddable":true,"href":"https:\/\/navystudio.ee\/en\/wp-json\/wp\/v2\/product_cat?post=16013"},{"taxonomy":"product_tag","embeddable":true,"href":"https:\/\/navystudio.ee\/en\/wp-json\/wp\/v2\/product_tag?post=16013"},{"taxonomy":"trademarks","embeddable":true,"href":"https:\/\/navystudio.ee\/en\/wp-json\/wp\/v2\/trademarks?post=16013"}],"curies":[{"name":"wp","href":"https:\/\/api.w.org\/{rel}","templated":true}]}}