{"id":16002,"date":"2024-08-06T13:52:06","date_gmt":"2024-08-06T10:52:06","guid":{"rendered":"https:\/\/navystudio.ee\/?post_type=product&#038;p=16002"},"modified":"2024-08-21T15:21:22","modified_gmt":"2024-08-21T12:21:22","slug":"nioxin-pro-clinical-volumizing-dry-shampoo-180ml","status":"publish","type":"product","link":"https:\/\/navystudio.ee\/en\/toode\/nioxin-pro-clinical-volumizing-dry-shampoo-180ml\/","title":{"rendered":"NIOXIN pro clinical volumizing DRY shampoo 180ml"},"content":{"rendered":"","protected":false},"excerpt":{"rendered":"<h4><strong>NIOXIN pro clinical volumizing DRY shampoo &#8211; vol\u00fc\u00fcmi andev kuiv\u0161ampoon 180ml<\/strong><\/h4>\n<p>Esitleme Nioxini vol\u00fc\u00fcmi andvat kuiva \u0161ampooni, mis v\u00e4rskendab \u00f5hukesi juukseid kohe ja t\u00f5husalt, andes neile paksema ja tihedama v\u00e4limuse. Toote uudne koostis on t\u00f5eliselt v\u00f5imas, lisades juustele vol\u00fc\u00fcmi, tekstuuri ja kohevust, ilma et peaksite kasutama vett. J\u00e4tke h\u00fcvasti rasuste ja elutute juustega ning andke oma juustele v\u00e4rske ja vol\u00fc\u00fcmikas v\u00e4limus.<\/p>\n<p>Kuiv \u0161ampoon suurendab iga juuksekarva l\u00e4bim\u00f5\u00f5tu, andes juustele kohe kuni 2x t\u00e4idlasema v\u00e4limuse* (*vs. juustega, millele on kogunenud keskmine \u00f6\u00f6p\u00e4evane hulk rasu).<\/p>\n<p><strong>Kasutamine:<\/strong><br \/>\nEnne kasutamist raputage pudelit alati korralikult.<br \/>\nHoidke juustest umbes 15\u201320 cm kaugusel ja pihustage \u00fchtlaselt juurtele.<br \/>\nMasseerige toode peanahka ja kammige juuksed l\u00e4bi, et ajada \u0161ampoon \u00fchtlaselt laiali.<br \/>\nStiliseerige soovitud viisil.<\/p>\n<p>1. Tekitab kohe vol\u00fc\u00fcmi: tekitab \u00f5hukestes juustes kohe vol\u00fc\u00fcmi, muutes need kohevamaks ja t\u00e4idlasemaks.<br \/>\n2. V\u00e4rskendab ja taastab: imab \u00fcleliigse rasu ja mustuse, j\u00e4ttes juuksed v\u00e4rskeks, puhtaks ja eluj\u00f5uliseks.<br \/>\n3. Loob stiliseerimiseks tekstuuri: tekitab juustes tekstuuri, muutes need soovitud soengu tegemiseks lihtsamini stiliseeritavaks ja k\u00e4sitsetavaks.<br \/>\n4. Pikendab aega pesukordade vahel: \u0161ampoon pikendab aega pesukordade vahel, et saaksite nautida puhtaid ja kohevaid juukseid kauem.<br \/>\n5. Kerge ja ei j\u00e4ta tootej\u00e4\u00e4ke: \u0161ampoon on kerge ja ei j\u00e4ta juustele tootej\u00e4\u00e4ke, muutes juuksed kergeks ja k\u00e4sitsetavaks.<\/p>\n<p><strong>Koostis:<\/strong><br \/>\nAlcohol Denat., Butane, Propane, Isobutane, Tapioca Starch, Silica, Aqua\/Water\/Eau, Polymethylsilsesquioxane, Parfum\/Fragrance, Mentha Arvensis Leaf Oil, Mentha Piperita (Peppermint) Oil, Benzyl Salicylate, Hexyl Cinnamal, Limonene, Alpha-Isomethyl Ionone.<\/p>\n<p><b>Rohkem info:\u00a0<a href=\"http:\/\/www.nioxin.com\/\">www.nioxin.com<\/a><\/b><\/p>\n","protected":false},"featured_media":16003,"template":"","meta":[],"product_cat":[162],"product_tag":[],"trademarks":[901],"_links":{"self":[{"href":"https:\/\/navystudio.ee\/en\/wp-json\/wp\/v2\/product\/16002"}],"collection":[{"href":"https:\/\/navystudio.ee\/en\/wp-json\/wp\/v2\/product"}],"about":[{"href":"https:\/\/navystudio.ee\/en\/wp-json\/wp\/v2\/types\/product"}],"wp:featuredmedia":[{"embeddable":true,"href":"https:\/\/navystudio.ee\/en\/wp-json\/wp\/v2\/media\/16003"}],"wp:attachment":[{"href":"https:\/\/navystudio.ee\/en\/wp-json\/wp\/v2\/media?parent=16002"}],"wp:term":[{"taxonomy":"product_cat","embeddable":true,"href":"https:\/\/navystudio.ee\/en\/wp-json\/wp\/v2\/product_cat?post=16002"},{"taxonomy":"product_tag","embeddable":true,"href":"https:\/\/navystudio.ee\/en\/wp-json\/wp\/v2\/product_tag?post=16002"},{"taxonomy":"trademarks","embeddable":true,"href":"https:\/\/navystudio.ee\/en\/wp-json\/wp\/v2\/trademarks?post=16002"}],"curies":[{"name":"wp","href":"https:\/\/api.w.org\/{rel}","templated":true}]}}