{"id":15979,"date":"2024-08-06T13:42:57","date_gmt":"2024-08-06T10:42:57","guid":{"rendered":"https:\/\/navystudio.ee\/?post_type=product&#038;p=15979"},"modified":"2024-08-15T14:44:40","modified_gmt":"2024-08-15T11:44:40","slug":"nioxin-pro-clinical-ultimate-power-anti-hair-loss-serum-70ml","status":"publish","type":"product","link":"https:\/\/navystudio.ee\/en\/toode\/nioxin-pro-clinical-ultimate-power-anti-hair-loss-serum-70ml\/","title":{"rendered":"NIOXIN pro clinical Ultimate Power Anti-Hair Loss serum 70ml"},"content":{"rendered":"","protected":false},"excerpt":{"rendered":"<h4><strong>NIOXIN pro clinical Ultimate Power Anti-Hair Loss serum &#8211; juuste v\u00e4ljalangemisvastane seerum 70ml<\/strong><\/h4>\n<p>Nioxin Pro Clinicali juuste v\u00e4ljalangemisvastane seerum on juustesse j\u00e4etav hooldustoode, mis parandab juuste p\u00fcsimist peanahas. T\u00e4nu sellele v\u00e4hendab seerum juuste v\u00e4ljalangemist* kliiniliselt t\u00f5estatult ainult 8 n\u00e4dalaga ja muudab juuksed alates esimesest kasutuskorrast tihedamaks. Seerum sisaldab uudseid koostisaineid, sealhulgas SANDALORE\u2122-i, kofeiini, lauriinhapet ja niatsiinamiidi. \u00dchiselt toimides stimuleerivad ja toidavad need juuksefolliikuleid, pikendades kasvuts\u00fcklit, muutes juuksed vastupidavamaks ja andes neile tihedama v\u00e4limuse.<\/p>\n<p>See t\u00f5hus juustesse j\u00e4etav hooldustoode peanahale on esimene toode, milles on juuksefolliikulite stimuleerimiseks ja juuste peanahas p\u00fcsimise parandamiseks kasutatud SANDALORE\u2122-i.<\/p>\n<p>*Keskmiselt 20%<\/p>\n<p>1. V\u00e4hendab juuste v\u00e4ljalangemist: parandab juuste p\u00fcsimist peanahas, v\u00e4hendades t\u00e4nu sellele juuste v\u00e4ljalangemist* kliiniliselt t\u00f5estatult ainult 8 n\u00e4dalaga.<br \/>\n2. Muudab juuksed vastupidavamaks: 95% kasutajatest m\u00e4rkas harjal v\u00e4hem juukseid**.<br \/>\n3. Muudab juuksed paksemaks ja t\u00e4idlasemaks: 98% kasutajatest tundis, et juuksed olid tugevamad**.<br \/>\n4. Muudab juuksed tervemaks ja tihedamaks: juuksed n\u00e4evad alates esimesest kasutuskorrast v\u00e4lja paksemad ja on tugevamad.<br \/>\n5. Ei sisalda parabeene, sulfaate ega v\u00e4rvaineid.<br \/>\n6. Sisaldab uudseid toimeaineid: SANDALORE\u2122-i, kofeiini, lauriinhappe ja niatsiinamiidi kooslus tagab parima toime.<\/p>\n<p>*Keskmiselt 20%<br \/>\n**120 juuste v\u00e4ljalangemise probleemiga tarbija seas l\u00e4bi viidud 16-n\u00e4dalase topeltpimeda kliinilise uuringu k\u00e4igus vs. platseeboga.<\/p>\n<p><strong>Kasutamine:<\/strong><br \/>\nKandke 12\u201315 pumbat\u00e4it seerumit iga p\u00e4ev kuivadele v\u00f5i niisketele juustele ja masseerige kogu peanahka, ajades toote \u00fchtlaselt laiali. \u00c4rge loputage.<br \/>\nParimaks tulemuseks kasutage oma hommikuse ja \u00f5htuse hooldusrutiini osana, kuhu kuulub Nioxini kolmeosaline sari h\u00f5renevatele juustele ja \u00f5htuseks kasutamiseks m\u00f5eldud Night Density Rescue juustesse j\u00e4etav hooldustoode.<\/p>\n<p><strong>Koostis:<\/strong><br \/>\nAlcohol Denat., Aqua\/Water\/Eau, Niacinamide, Caffeine, Sandalore, Parfum\/Fragrance, Lauric Acid, PEG-40 Hydrogenated Castor Oil, PEG-35 Castor Oil, Alpha-Isomethyl Ionone, Hexyl Cinnamal, Limonene, Alcohol, Linalool, Tocopherol, Citric Acid.<\/p>\n<p><b>Rohkem info:\u00a0<a href=\"http:\/\/www.nioxin.com\/\">www.nioxin.com<\/a><\/b><\/p>\n","protected":false},"featured_media":15980,"template":"","meta":[],"product_cat":[162],"product_tag":[],"trademarks":[901],"_links":{"self":[{"href":"https:\/\/navystudio.ee\/en\/wp-json\/wp\/v2\/product\/15979"}],"collection":[{"href":"https:\/\/navystudio.ee\/en\/wp-json\/wp\/v2\/product"}],"about":[{"href":"https:\/\/navystudio.ee\/en\/wp-json\/wp\/v2\/types\/product"}],"wp:featuredmedia":[{"embeddable":true,"href":"https:\/\/navystudio.ee\/en\/wp-json\/wp\/v2\/media\/15980"}],"wp:attachment":[{"href":"https:\/\/navystudio.ee\/en\/wp-json\/wp\/v2\/media?parent=15979"}],"wp:term":[{"taxonomy":"product_cat","embeddable":true,"href":"https:\/\/navystudio.ee\/en\/wp-json\/wp\/v2\/product_cat?post=15979"},{"taxonomy":"product_tag","embeddable":true,"href":"https:\/\/navystudio.ee\/en\/wp-json\/wp\/v2\/product_tag?post=15979"},{"taxonomy":"trademarks","embeddable":true,"href":"https:\/\/navystudio.ee\/en\/wp-json\/wp\/v2\/trademarks?post=15979"}],"curies":[{"name":"wp","href":"https:\/\/api.w.org\/{rel}","templated":true}]}}