{"id":15953,"date":"2024-08-06T13:29:44","date_gmt":"2024-08-06T10:29:44","guid":{"rendered":"https:\/\/navystudio.ee\/?post_type=product&#038;p=15953"},"modified":"2024-08-15T14:46:09","modified_gmt":"2024-08-15T11:46:09","slug":"nioxin-pro-clinical-night-density-rescue-serum-70ml","status":"publish","type":"product","link":"https:\/\/navystudio.ee\/en\/toode\/nioxin-pro-clinical-night-density-rescue-serum-70ml\/","title":{"rendered":"NIOXIN pro clinical Night Density Rescue serum 70ml"},"content":{"rendered":"","protected":false},"excerpt":{"rendered":"<h4><strong>NIOXIN pro clinical Night Density Rescue serum\u00a0 &#8211; \u00f6ine juukseid tihendav seerum 70ml<\/strong><\/h4>\n<p>Nioxini Night Density Rescue seerum on t\u00f5estatult toimiv \u00f5htune hooldustoode, mis annab juustele k\u00f5igest kahe kuuga tihedama v\u00e4limuse*. 90% osalejatest m\u00e4rkas, et p\u00e4rast Nioxini Night Density Rescue seerumi kasutamist n\u00e4gid juuksed v\u00e4lja tervemad**.<br \/>\n*T\u00e4nu v\u00f5imsale antioks\u00fcdantsele segule, mis on tuntud peanaha vabasid radikaale neutraliseeriva toime poolest.<br \/>\n**60 itaallase seas 2018.\/2019. aastal Eurofins Consumer Product Testing Italy poolt nelja kuu v\u00e4ltel l\u00e4bi viidud kliinilise uuringu p\u00f5hjal.<\/p>\n<p>Night Density Rescue seerum toimib \u00f6\u00f6sel magades. T\u00e4nu sellele saab seerumi imelihtsalt lisada oma \u00f5htusesse juuksehooldusrutiini. Lihtsalt kandke see enne magama minemist juustele ja laske \u00f6\u00f6 jooksul toimida. Seerum on kerge ja ei muuda juukseid rasuseks, imendudes kiiresti peanahka ja juustesse, j\u00e4tmata neile tootej\u00e4\u00e4ke. Sisaldab v\u00f5imsate koostisainete, n\u00e4iteks ingveri, lauriinhappe ja kofeiini segu, mis muudab juuksed \u00f6\u00f6 jooksul paksemaks ja tihedamaks.<\/p>\n<p><strong>Kasutamine:<\/strong><br \/>\nKandke 2\u20134 pipetit\u00e4it seerumit otse peanahale ja masseerige. \u00c4rge loputage. Parimaks tulemuseks kasutage koos eelistatud Nioxini sarjaga.<\/p>\n<p>1. \u00d5htune juustesse j\u00e4etav hooldustoode, mis suurendab kliiniliselt t\u00f5estatult juuste tihedust seoses peanaha pinna oks\u00fcdeerumisega.<br \/>\n2. Neutraliseerib vabu radikaale, et ennetada kahjustuste teket peanahal.<br \/>\n3. V\u00e4hendab juuste v\u00e4ljalangemist kliiniliselt t\u00f5estatult.<br \/>\n4. Muudab juuksed k\u00f5igest 8 n\u00e4dalaga tihedamaks ja 16 n\u00e4dalaga veel tihedamaks.<br \/>\n5. Seerum on dermatoloogiliselt testitud ja intensiivse vananemisvastase toimega. Kasutage koos soovitud Nioxini kolmeosalise sarjaga.<\/p>\n<p><strong>Koostis:<\/strong><br \/>\nAlcohol Denat., Aqua\/Water\/Eau, Caffeine, Panthenol, Parfum\/Fragrance, Menthol, Lauric Acid, Peg-40 Hydrogenated Castor Oil, Tocopheryl Acetate, Peg-35 Castor Oil, Butylene Glycol, Propylene Glycol, Linalool, Polysorbate 20, Zingiber Officinale (Ginger) Root Extract, Hexyl Cinnamal, Limonene, Citronellol, Passiflora Edulis Fruit Extract, Geraniol, Potassium Sorbate, Sodium Benzoate, Citral, Sorbic Acid, Farnesol.<\/p>\n<p><b>Rohkem info: <a href=\"http:\/\/www.nioxin.com\">www.nioxin.com<\/a><\/b><\/p>\n","protected":false},"featured_media":15957,"template":"","meta":[],"product_cat":[162],"product_tag":[],"trademarks":[901],"_links":{"self":[{"href":"https:\/\/navystudio.ee\/en\/wp-json\/wp\/v2\/product\/15953"}],"collection":[{"href":"https:\/\/navystudio.ee\/en\/wp-json\/wp\/v2\/product"}],"about":[{"href":"https:\/\/navystudio.ee\/en\/wp-json\/wp\/v2\/types\/product"}],"wp:featuredmedia":[{"embeddable":true,"href":"https:\/\/navystudio.ee\/en\/wp-json\/wp\/v2\/media\/15957"}],"wp:attachment":[{"href":"https:\/\/navystudio.ee\/en\/wp-json\/wp\/v2\/media?parent=15953"}],"wp:term":[{"taxonomy":"product_cat","embeddable":true,"href":"https:\/\/navystudio.ee\/en\/wp-json\/wp\/v2\/product_cat?post=15953"},{"taxonomy":"product_tag","embeddable":true,"href":"https:\/\/navystudio.ee\/en\/wp-json\/wp\/v2\/product_tag?post=15953"},{"taxonomy":"trademarks","embeddable":true,"href":"https:\/\/navystudio.ee\/en\/wp-json\/wp\/v2\/trademarks?post=15953"}],"curies":[{"name":"wp","href":"https:\/\/api.w.org\/{rel}","templated":true}]}}